{"id":815,"date":"2015-05-29T17:04:23","date_gmt":"2015-05-29T15:04:23","guid":{"rendered":"https:\/\/hallenbad.de\/specials\/rock-im-allerpark-3\/"},"modified":"2025-09-10T09:41:25","modified_gmt":"2025-09-10T07:41:25","slug":"jazz-im-pool","status":"publish","type":"page","link":"https:\/\/w10b.de\/testserver\/hallenbad\/angebote\/jazz-im-pool\/","title":{"rendered":"Jazz im Pool"},"content":{"rendered":"\t\t<div data-elementor-type=\"wp-page\" data-elementor-id=\"815\" class=\"elementor elementor-815\" data-elementor-post-type=\"page\">\n\t\t\t\t<div style=\"background-image: url(https:\/\/w10b.de\/testserver\/hallenbad\/wp-content\/uploads\/2015\/05\/jazz.jpg);background-position:center center;background-repeat:no-repeat;background-size:cover;\" class=\"e-lazyloaded elementor-element elementor-element-40cc9eef e-con-full e-flex e-con e-parent\" data-id=\"40cc9eef\" data-element_type=\"container\" data-settings=\"{&quot;background_background&quot;:&quot;classic&quot;}\">\n\t\t\t\t<\/div>\n\t\t<div class=\"elementor-element elementor-element-1014cfad e-flex e-con-boxed e-con e-parent\" data-id=\"1014cfad\" data-element_type=\"container\" data-settings=\"{&quot;background_background&quot;:&quot;classic&quot;}\">\n\t\t\t\t\t<div class=\"e-con-inner\">\n\t\t<div class=\"elementor-element elementor-element-2a34731 e-con-full e-flex e-con e-child\" data-id=\"2a34731\" data-element_type=\"container\" data-settings=\"{&quot;background_background&quot;:&quot;classic&quot;}\">\n\t\t\t\t<div class=\"elementor-element elementor-element-3589598d elementor-widget__width-inherit elementor-widget elementor-widget-theme-post-title elementor-page-title elementor-widget-heading\" data-id=\"3589598d\" data-element_type=\"widget\" data-widget_type=\"theme-post-title.default\">\n\t\t\t\t<div class=\"elementor-widget-container\">\n\t\t\t\t\t<h1 class=\"elementor-heading-title elementor-size-default\">Jazz im Pool<\/h1>\t\t\t\t<\/div>\n\t\t\t\t<\/div>\n\t\t\t\t<div class=\"elementor-element elementor-element-d6fabb4 elementor-widget elementor-widget-heading\" data-id=\"d6fabb4\" data-element_type=\"widget\" data-widget_type=\"heading.default\">\n\t\t\t\t<div class=\"elementor-widget-container\">\n\t\t\t\t\t<h2 class=\"elementor-heading-title elementor-size-default\">Hochklassigen Jazz erleben<\/h2>\t\t\t\t<\/div>\n\t\t\t\t<\/div>\n\t\t\t\t<div class=\"elementor-element elementor-element-2543cd3 elementor-widget__width-inherit elementor-widget-divider--view-line elementor-widget elementor-widget-divider\" data-id=\"2543cd3\" data-element_type=\"widget\" data-widget_type=\"divider.default\">\n\t\t\t\t<div class=\"elementor-widget-container\">\n\t\t\t\t\t\t\t<div class=\"elementor-divider\">\n\t\t\t<span class=\"elementor-divider-separator\">\n\t\t\t\t\t\t<\/span>\n\t\t<\/div>\n\t\t\t\t\t\t<\/div>\n\t\t\t\t<\/div>\n\t\t<div class=\"elementor-element elementor-element-3901348 e-con-full e-flex e-con e-child\" data-id=\"3901348\" data-element_type=\"container\" data-settings=\"{&quot;background_background&quot;:&quot;classic&quot;}\">\n\t\t\t\t<div class=\"elementor-element elementor-element-100e5fdd elementor-widget elementor-widget-text-editor\" data-id=\"100e5fdd\" data-element_type=\"widget\" data-widget_type=\"text-editor.default\">\n\t\t\t\t<div class=\"elementor-widget-container\">\n\t\t\t\t\t\t\t\t\t<p>F\u00fcr Jazz-Liebhaber Fans gibt es im Hallenbad ein einmaliges Angebot: Zwischen den Kacheln im gro\u00dfen Schwimmerbecken k\u00f6nnen sie in au\u00dfergew\u00f6hnlichem Ambiente Konzerte hochklassiger Jazz-Formationen erleben. Eine junge Generation von international anerkannten Musikern zeigt hier, dass Jazz immer wieder aufs Neue begeistern kann. Das Hallenbad bedient diesen Trend seit nunmehr sieben Jahren. Zu diesem Zweck verwandeln\u00a0 wir das gro\u00dfe Schwimmerbecken zu einem Ort mit Club-Atmosph\u00e4re.<\/p><p>Konzeptionell ist es das Ziel der Reihe, Bands ins Hallenbad zu holen, die in ihrer Spielart,\u00a0 ihrer Interpretation des Jazz etwas Besonderes, etwas Spezielles haben. Besonders die letzten Konzerte dieser Reihe boten H\u00f6rerlebnisse der besonderen Art. Angefangen bei der Berliner Band Mo\u2019Blow, die Jazz und Funk auf geniale Weise fusionierte und dadurch eine super Stimmung verbreitete, \u00fcber die israelische Formation von Shauli Einav, dessen Art, Saxophon zu spielen die Zuh\u00f6rer begeisterte, bis hin zu dem trance\u00e4hnlichen Klavierspiel des S\u00fcdafrikaners Kyle Shepherd und den elektrolastigen St\u00fccken des armenienst\u00e4mmigen Tigran, zu dessen Konzert Fans selbst aus Berlin anreisten \u2013 immer bekommen die Besucher ein besonderes H\u00f6rerlebnis geboten.<\/p>\t\t\t\t\t\t\t\t<\/div>\n\t\t\t\t<\/div>\n\t\t\t\t<\/div>\n\t\t<div class=\"elementor-element elementor-element-5214ec4f e-con-full e-flex e-con e-child\" data-id=\"5214ec4f\" data-element_type=\"container\">\n\t\t\t\t<div class=\"elementor-element elementor-element-9639d37 elementor-widget elementor-widget-heading\" data-id=\"9639d37\" data-element_type=\"widget\" data-widget_type=\"heading.default\">\n\t\t\t\t<div class=\"elementor-widget-container\">\n\t\t\t\t\t<h3 class=\"elementor-heading-title elementor-size-default\">Spektakul\u00e4re Konzerte im Schwimmerbecken<\/h3>\t\t\t\t<\/div>\n\t\t\t\t<\/div>\n\t\t\t\t<div class=\"elementor-element elementor-element-12889807 elementor-widget elementor-widget-text-editor\" data-id=\"12889807\" data-element_type=\"widget\" data-widget_type=\"text-editor.default\">\n\t\t\t\t<div class=\"elementor-widget-container\">\n\t\t\t\t\t\t\t\t\t<p>Das Schwimmerbecken kann man mieten!<\/p><p><strong>Gr\u00f6\u00dfe: 400 qm<\/strong><br \/><strong>Personen: 200<\/strong><br \/>Ehemaliges Schwimmerbecken mit Sprungturm<\/p><p>Interessiert?<\/p>\t\t\t\t\t\t\t\t<\/div>\n\t\t\t\t<\/div>\n\t\t\t\t<div class=\"elementor-element elementor-element-4cd03da6 elementor-widget elementor-widget-button\" data-id=\"4cd03da6\" data-element_type=\"widget\" data-widget_type=\"button.default\">\n\t\t\t\t<div class=\"elementor-widget-container\">\n\t\t\t\t\t\t\t\t\t<div class=\"elementor-button-wrapper\">\n\t\t\t\t\t<a class=\"elementor-button elementor-button-link elementor-size-sm\" href=\"https:\/\/w10b.de\/testserver\/hallenbad\/kulturzentrum\/vermietung\/\">\n\t\t\t\t\t\t<span class=\"elementor-button-content-wrapper\">\n\t\t\t\t\t\t\t\t\t<span class=\"elementor-button-text\">Anfragen<\/span>\n\t\t\t\t\t<\/span>\n\t\t\t\t\t<\/a>\n\t\t\t\t<\/div>\n\t\t\t\t\t\t\t\t<\/div>\n\t\t\t\t<\/div>\n\t\t\t\t<\/div>\n\t\t\t\t<div class=\"elementor-element elementor-element-2676c78f elementor-widget__width-inherit elementor-widget elementor-widget-gallery\" data-id=\"2676c78f\" data-element_type=\"widget\" data-settings=\"{&quot;columns_tablet&quot;:3,&quot;columns_mobile&quot;:2,&quot;lazyload&quot;:&quot;yes&quot;,&quot;gallery_layout&quot;:&quot;grid&quot;,&quot;columns&quot;:4,&quot;gap&quot;:{&quot;unit&quot;:&quot;px&quot;,&quot;size&quot;:10,&quot;sizes&quot;:[]},&quot;gap_tablet&quot;:{&quot;unit&quot;:&quot;px&quot;,&quot;size&quot;:10,&quot;sizes&quot;:[]},&quot;gap_mobile&quot;:{&quot;unit&quot;:&quot;px&quot;,&quot;size&quot;:10,&quot;sizes&quot;:[]},&quot;link_to&quot;:&quot;file&quot;,&quot;aspect_ratio&quot;:&quot;3:2&quot;,&quot;overlay_background&quot;:&quot;yes&quot;,&quot;content_hover_animation&quot;:&quot;fade-in&quot;}\" data-widget_type=\"gallery.default\">\n\t\t\t\t<div class=\"elementor-widget-container\">\n\t\t\t\t\t\t\t<div class=\"elementor-gallery__container\">\n\t\t\t\t\t\t\t<a class=\"e-gallery-item elementor-gallery-item elementor-animated-content\" href=\"https:\/\/w10b.de\/testserver\/hallenbad\/wp-content\/uploads\/2015\/07\/trio11-21.09.2013-6.jpg\" data-elementor-open-lightbox=\"yes\" data-elementor-lightbox-slideshow=\"2676c78f\" data-e-action-hash=\"#elementor-action%3Aaction%3Dlightbox%26settings%3DeyJpZCI6MjExOCwidXJsIjoiaHR0cHM6XC9cL3cxMGIuZGVcL3Rlc3RzZXJ2ZXJcL2hhbGxlbmJhZFwvd3AtY29udGVudFwvdXBsb2Fkc1wvMjAxNVwvMDdcL3RyaW8xMS0yMS4wOS4yMDEzLTYuanBnIiwic2xpZGVzaG93IjoiMjY3NmM3OGYifQ%3D%3D\">\n\t\t\t\t\t<div class=\"e-gallery-image elementor-gallery-item__image\" data-thumbnail=\"https:\/\/w10b.de\/testserver\/hallenbad\/wp-content\/uploads\/2015\/07\/trio11-21.09.2013-6-640x360.jpg\" data-width=\"640\" data-height=\"360\" aria-label=\"\" role=\"img\" ><\/div>\n\t\t\t\t\t\t\t\t\t\t\t<div class=\"elementor-gallery-item__overlay\"><\/div>\n\t\t\t\t\t\t\t\t\t\t\t\t\t\t<\/a>\n\t\t\t\t\t\t\t<a class=\"e-gallery-item elementor-gallery-item elementor-animated-content\" href=\"https:\/\/w10b.de\/testserver\/hallenbad\/wp-content\/uploads\/2015\/07\/trio11-21.09.2013-3.jpg\" data-elementor-open-lightbox=\"yes\" data-elementor-lightbox-slideshow=\"2676c78f\" data-e-action-hash=\"#elementor-action%3Aaction%3Dlightbox%26settings%3DeyJpZCI6MjExNywidXJsIjoiaHR0cHM6XC9cL3cxMGIuZGVcL3Rlc3RzZXJ2ZXJcL2hhbGxlbmJhZFwvd3AtY29udGVudFwvdXBsb2Fkc1wvMjAxNVwvMDdcL3RyaW8xMS0yMS4wOS4yMDEzLTMuanBnIiwic2xpZGVzaG93IjoiMjY3NmM3OGYifQ%3D%3D\">\n\t\t\t\t\t<div class=\"e-gallery-image elementor-gallery-item__image\" data-thumbnail=\"https:\/\/w10b.de\/testserver\/hallenbad\/wp-content\/uploads\/2015\/07\/trio11-21.09.2013-3-640x360.jpg\" data-width=\"640\" data-height=\"360\" aria-label=\"\" role=\"img\" ><\/div>\n\t\t\t\t\t\t\t\t\t\t\t<div class=\"elementor-gallery-item__overlay\"><\/div>\n\t\t\t\t\t\t\t\t\t\t\t\t\t\t<\/a>\n\t\t\t\t\t\t\t<a class=\"e-gallery-item elementor-gallery-item elementor-animated-content\" href=\"https:\/\/w10b.de\/testserver\/hallenbad\/wp-content\/uploads\/2015\/07\/trio11-05.jpg\" data-elementor-open-lightbox=\"yes\" data-elementor-lightbox-slideshow=\"2676c78f\" data-e-action-hash=\"#elementor-action%3Aaction%3Dlightbox%26settings%3DeyJpZCI6MjExNiwidXJsIjoiaHR0cHM6XC9cL3cxMGIuZGVcL3Rlc3RzZXJ2ZXJcL2hhbGxlbmJhZFwvd3AtY29udGVudFwvdXBsb2Fkc1wvMjAxNVwvMDdcL3RyaW8xMS0wNS5qcGciLCJzbGlkZXNob3ciOiIyNjc2Yzc4ZiJ9\">\n\t\t\t\t\t<div class=\"e-gallery-image elementor-gallery-item__image\" data-thumbnail=\"https:\/\/w10b.de\/testserver\/hallenbad\/wp-content\/uploads\/2015\/07\/trio11-05-640x360.jpg\" data-width=\"640\" data-height=\"360\" aria-label=\"\" role=\"img\" ><\/div>\n\t\t\t\t\t\t\t\t\t\t\t<div class=\"elementor-gallery-item__overlay\"><\/div>\n\t\t\t\t\t\t\t\t\t\t\t\t\t\t<\/a>\n\t\t\t\t\t\t\t<a class=\"e-gallery-item elementor-gallery-item elementor-animated-content\" href=\"https:\/\/w10b.de\/testserver\/hallenbad\/wp-content\/uploads\/2015\/07\/benedikt-jahnel-trio-20.jpg\" data-elementor-open-lightbox=\"yes\" data-elementor-lightbox-slideshow=\"2676c78f\" data-e-action-hash=\"#elementor-action%3Aaction%3Dlightbox%26settings%3DeyJpZCI6MjEwNSwidXJsIjoiaHR0cHM6XC9cL3cxMGIuZGVcL3Rlc3RzZXJ2ZXJcL2hhbGxlbmJhZFwvd3AtY29udGVudFwvdXBsb2Fkc1wvMjAxNVwvMDdcL2JlbmVkaWt0LWphaG5lbC10cmlvLTIwLmpwZyIsInNsaWRlc2hvdyI6IjI2NzZjNzhmIn0%3D\">\n\t\t\t\t\t<div class=\"e-gallery-image elementor-gallery-item__image\" data-thumbnail=\"https:\/\/w10b.de\/testserver\/hallenbad\/wp-content\/uploads\/2015\/07\/benedikt-jahnel-trio-20-640x360.jpg\" data-width=\"640\" data-height=\"360\" aria-label=\"\" role=\"img\" ><\/div>\n\t\t\t\t\t\t\t\t\t\t\t<div class=\"elementor-gallery-item__overlay\"><\/div>\n\t\t\t\t\t\t\t\t\t\t\t\t\t\t<\/a>\n\t\t\t\t\t\t\t<a class=\"e-gallery-item elementor-gallery-item elementor-animated-content\" href=\"https:\/\/w10b.de\/testserver\/hallenbad\/wp-content\/uploads\/2015\/07\/tigran-15.11.2014-5-von-18.jpg\" data-elementor-open-lightbox=\"yes\" data-elementor-lightbox-slideshow=\"2676c78f\" data-e-action-hash=\"#elementor-action%3Aaction%3Dlightbox%26settings%3DeyJpZCI6MjExNCwidXJsIjoiaHR0cHM6XC9cL3cxMGIuZGVcL3Rlc3RzZXJ2ZXJcL2hhbGxlbmJhZFwvd3AtY29udGVudFwvdXBsb2Fkc1wvMjAxNVwvMDdcL3RpZ3Jhbi0xNS4xMS4yMDE0LTUtdm9uLTE4LmpwZyIsInNsaWRlc2hvdyI6IjI2NzZjNzhmIn0%3D\">\n\t\t\t\t\t<div class=\"e-gallery-image elementor-gallery-item__image\" data-thumbnail=\"https:\/\/w10b.de\/testserver\/hallenbad\/wp-content\/uploads\/2015\/07\/tigran-15.11.2014-5-von-18-640x360.jpg\" data-width=\"640\" data-height=\"360\" aria-label=\"\" role=\"img\" ><\/div>\n\t\t\t\t\t\t\t\t\t\t\t<div class=\"elementor-gallery-item__overlay\"><\/div>\n\t\t\t\t\t\t\t\t\t\t\t\t\t\t<\/a>\n\t\t\t\t\t\t\t<a class=\"e-gallery-item elementor-gallery-item elementor-animated-content\" href=\"https:\/\/w10b.de\/testserver\/hallenbad\/wp-content\/uploads\/2015\/07\/shauli-einav-10.jpg\" data-elementor-open-lightbox=\"yes\" data-elementor-lightbox-slideshow=\"2676c78f\" data-e-action-hash=\"#elementor-action%3Aaction%3Dlightbox%26settings%3DeyJpZCI6MjExMywidXJsIjoiaHR0cHM6XC9cL3cxMGIuZGVcL3Rlc3RzZXJ2ZXJcL2hhbGxlbmJhZFwvd3AtY29udGVudFwvdXBsb2Fkc1wvMjAxNVwvMDdcL3NoYXVsaS1laW5hdi0xMC5qcGciLCJzbGlkZXNob3ciOiIyNjc2Yzc4ZiJ9\">\n\t\t\t\t\t<div class=\"e-gallery-image elementor-gallery-item__image\" data-thumbnail=\"https:\/\/w10b.de\/testserver\/hallenbad\/wp-content\/uploads\/2015\/07\/shauli-einav-10-640x360.jpg\" data-width=\"640\" data-height=\"360\" aria-label=\"\" role=\"img\" ><\/div>\n\t\t\t\t\t\t\t\t\t\t\t<div class=\"elementor-gallery-item__overlay\"><\/div>\n\t\t\t\t\t\t\t\t\t\t\t\t\t\t<\/a>\n\t\t\t\t\t\t\t<a class=\"e-gallery-item elementor-gallery-item elementor-animated-content\" href=\"https:\/\/w10b.de\/testserver\/hallenbad\/wp-content\/uploads\/2015\/07\/round-midnight-15.jpg\" data-elementor-open-lightbox=\"yes\" data-elementor-lightbox-slideshow=\"2676c78f\" data-e-action-hash=\"#elementor-action%3Aaction%3Dlightbox%26settings%3DeyJpZCI6MjExMiwidXJsIjoiaHR0cHM6XC9cL3cxMGIuZGVcL3Rlc3RzZXJ2ZXJcL2hhbGxlbmJhZFwvd3AtY29udGVudFwvdXBsb2Fkc1wvMjAxNVwvMDdcL3JvdW5kLW1pZG5pZ2h0LTE1LmpwZyIsInNsaWRlc2hvdyI6IjI2NzZjNzhmIn0%3D\">\n\t\t\t\t\t<div class=\"e-gallery-image elementor-gallery-item__image\" data-thumbnail=\"https:\/\/w10b.de\/testserver\/hallenbad\/wp-content\/uploads\/2015\/07\/round-midnight-15-640x360.jpg\" data-width=\"640\" data-height=\"360\" aria-label=\"\" role=\"img\" ><\/div>\n\t\t\t\t\t\t\t\t\t\t\t<div class=\"elementor-gallery-item__overlay\"><\/div>\n\t\t\t\t\t\t\t\t\t\t\t\t\t\t<\/a>\n\t\t\t\t\t\t\t<a class=\"e-gallery-item elementor-gallery-item elementor-animated-content\" href=\"https:\/\/w10b.de\/testserver\/hallenbad\/wp-content\/uploads\/2015\/07\/round-midnight-14.jpg\" data-elementor-open-lightbox=\"yes\" data-elementor-lightbox-slideshow=\"2676c78f\" data-e-action-hash=\"#elementor-action%3Aaction%3Dlightbox%26settings%3DeyJpZCI6MjExMSwidXJsIjoiaHR0cHM6XC9cL3cxMGIuZGVcL3Rlc3RzZXJ2ZXJcL2hhbGxlbmJhZFwvd3AtY29udGVudFwvdXBsb2Fkc1wvMjAxNVwvMDdcL3JvdW5kLW1pZG5pZ2h0LTE0LmpwZyIsInNsaWRlc2hvdyI6IjI2NzZjNzhmIn0%3D\">\n\t\t\t\t\t<div class=\"e-gallery-image elementor-gallery-item__image\" data-thumbnail=\"https:\/\/w10b.de\/testserver\/hallenbad\/wp-content\/uploads\/2015\/07\/round-midnight-14-640x360.jpg\" data-width=\"640\" data-height=\"360\" aria-label=\"\" role=\"img\" ><\/div>\n\t\t\t\t\t\t\t\t\t\t\t<div class=\"elementor-gallery-item__overlay\"><\/div>\n\t\t\t\t\t\t\t\t\t\t\t\t\t\t<\/a>\n\t\t\t\t\t\t\t<a class=\"e-gallery-item elementor-gallery-item elementor-animated-content\" href=\"https:\/\/w10b.de\/testserver\/hallenbad\/wp-content\/uploads\/2015\/07\/benedikt-jahnel-trio-16.jpg\" data-elementor-open-lightbox=\"yes\" data-elementor-lightbox-slideshow=\"2676c78f\" data-e-action-hash=\"#elementor-action%3Aaction%3Dlightbox%26settings%3DeyJpZCI6MjEwNCwidXJsIjoiaHR0cHM6XC9cL3cxMGIuZGVcL3Rlc3RzZXJ2ZXJcL2hhbGxlbmJhZFwvd3AtY29udGVudFwvdXBsb2Fkc1wvMjAxNVwvMDdcL2JlbmVkaWt0LWphaG5lbC10cmlvLTE2LmpwZyIsInNsaWRlc2hvdyI6IjI2NzZjNzhmIn0%3D\">\n\t\t\t\t\t<div class=\"e-gallery-image elementor-gallery-item__image\" data-thumbnail=\"https:\/\/w10b.de\/testserver\/hallenbad\/wp-content\/uploads\/2015\/07\/benedikt-jahnel-trio-16-640x360.jpg\" data-width=\"640\" data-height=\"360\" aria-label=\"\" role=\"img\" ><\/div>\n\t\t\t\t\t\t\t\t\t\t\t<div class=\"elementor-gallery-item__overlay\"><\/div>\n\t\t\t\t\t\t\t\t\t\t\t\t\t\t<\/a>\n\t\t\t\t\t\t\t<a class=\"e-gallery-item elementor-gallery-item elementor-animated-content\" href=\"https:\/\/w10b.de\/testserver\/hallenbad\/wp-content\/uploads\/2015\/07\/chihiro-4-von-4.jpg\" data-elementor-open-lightbox=\"yes\" data-elementor-lightbox-slideshow=\"2676c78f\" data-e-action-hash=\"#elementor-action%3Aaction%3Dlightbox%26settings%3DeyJpZCI6MjEwNywidXJsIjoiaHR0cHM6XC9cL3cxMGIuZGVcL3Rlc3RzZXJ2ZXJcL2hhbGxlbmJhZFwvd3AtY29udGVudFwvdXBsb2Fkc1wvMjAxNVwvMDdcL2NoaWhpcm8tNC12b24tNC5qcGciLCJzbGlkZXNob3ciOiIyNjc2Yzc4ZiJ9\">\n\t\t\t\t\t<div class=\"e-gallery-image elementor-gallery-item__image\" data-thumbnail=\"https:\/\/w10b.de\/testserver\/hallenbad\/wp-content\/uploads\/2015\/07\/chihiro-4-von-4-640x360.jpg\" data-width=\"640\" data-height=\"360\" aria-label=\"\" role=\"img\" ><\/div>\n\t\t\t\t\t\t\t\t\t\t\t<div class=\"elementor-gallery-item__overlay\"><\/div>\n\t\t\t\t\t\t\t\t\t\t\t\t\t\t<\/a>\n\t\t\t\t\t\t\t<a class=\"e-gallery-item elementor-gallery-item elementor-animated-content\" href=\"https:\/\/w10b.de\/testserver\/hallenbad\/wp-content\/uploads\/2015\/07\/chihiro-5-von-10.jpg\" data-elementor-open-lightbox=\"yes\" data-elementor-lightbox-slideshow=\"2676c78f\" data-e-action-hash=\"#elementor-action%3Aaction%3Dlightbox%26settings%3DeyJpZCI6MjEwOCwidXJsIjoiaHR0cHM6XC9cL3cxMGIuZGVcL3Rlc3RzZXJ2ZXJcL2hhbGxlbmJhZFwvd3AtY29udGVudFwvdXBsb2Fkc1wvMjAxNVwvMDdcL2NoaWhpcm8tNS12b24tMTAuanBnIiwic2xpZGVzaG93IjoiMjY3NmM3OGYifQ%3D%3D\">\n\t\t\t\t\t<div class=\"e-gallery-image elementor-gallery-item__image\" data-thumbnail=\"https:\/\/w10b.de\/testserver\/hallenbad\/wp-content\/uploads\/2015\/07\/chihiro-5-von-10-640x360.jpg\" data-width=\"640\" data-height=\"360\" aria-label=\"\" role=\"img\" ><\/div>\n\t\t\t\t\t\t\t\t\t\t\t<div class=\"elementor-gallery-item__overlay\"><\/div>\n\t\t\t\t\t\t\t\t\t\t\t\t\t\t<\/a>\n\t\t\t\t\t\t\t<a class=\"e-gallery-item elementor-gallery-item elementor-animated-content\" href=\"https:\/\/w10b.de\/testserver\/hallenbad\/wp-content\/uploads\/2015\/07\/lily-dahab-28.04.2012_lh_08.jpg\" data-elementor-open-lightbox=\"yes\" data-elementor-lightbox-slideshow=\"2676c78f\" data-e-action-hash=\"#elementor-action%3Aaction%3Dlightbox%26settings%3DeyJpZCI6MjExMCwidXJsIjoiaHR0cHM6XC9cL3cxMGIuZGVcL3Rlc3RzZXJ2ZXJcL2hhbGxlbmJhZFwvd3AtY29udGVudFwvdXBsb2Fkc1wvMjAxNVwvMDdcL2xpbHktZGFoYWItMjguMDQuMjAxMl9saF8wOC5qcGciLCJzbGlkZXNob3ciOiIyNjc2Yzc4ZiJ9\">\n\t\t\t\t\t<div class=\"e-gallery-image elementor-gallery-item__image\" data-thumbnail=\"https:\/\/w10b.de\/testserver\/hallenbad\/wp-content\/uploads\/2015\/07\/lily-dahab-28.04.2012_lh_08-640x360.jpg\" data-width=\"640\" data-height=\"360\" aria-label=\"\" role=\"img\" ><\/div>\n\t\t\t\t\t\t\t\t\t\t\t<div class=\"elementor-gallery-item__overlay\"><\/div>\n\t\t\t\t\t\t\t\t\t\t\t\t\t\t<\/a>\n\t\t\t\t\t<\/div>\n\t\t\t\t\t<\/div>\n\t\t\t\t<\/div>\n\t\t\t\t<\/div>\n\t\t\t\t\t<\/div>\n\t\t\t\t<\/div>\n\t\t\t\t<\/div>\n\t\t","protected":false},"excerpt":{"rendered":"<p>Hochklassigen Jazz erleben F\u00fcr Jazz-Liebhaber Fans gibt es im Hallenbad ein einmaliges Angebot: Zwischen den Kacheln im gro\u00dfen Schwimmerbecken k\u00f6nnen sie in au\u00dfergew\u00f6hnlichem Ambiente Konzerte hochklassiger Jazz-Formationen erleben. Eine junge Generation von international anerkannten Musikern zeigt hier, dass Jazz immer wieder aufs Neue begeistern kann. Das Hallenbad bedient diesen Trend seit nunmehr sieben Jahren. Zu [&hellip;]<\/p>\n","protected":false},"author":1,"featured_media":1222,"parent":1244,"menu_order":0,"comment_status":"closed","ping_status":"closed","template":"","meta":{"footnotes":""},"class_list":["post-815","page","type-page","status-publish","has-post-thumbnail","hentry"],"_links":{"self":[{"href":"https:\/\/w10b.de\/testserver\/hallenbad\/wp-json\/wp\/v2\/pages\/815","targetHints":{"allow":["GET"]}}],"collection":[{"href":"https:\/\/w10b.de\/testserver\/hallenbad\/wp-json\/wp\/v2\/pages"}],"about":[{"href":"https:\/\/w10b.de\/testserver\/hallenbad\/wp-json\/wp\/v2\/types\/page"}],"author":[{"embeddable":true,"href":"https:\/\/w10b.de\/testserver\/hallenbad\/wp-json\/wp\/v2\/users\/1"}],"replies":[{"embeddable":true,"href":"https:\/\/w10b.de\/testserver\/hallenbad\/wp-json\/wp\/v2\/comments?post=815"}],"version-history":[{"count":24,"href":"https:\/\/w10b.de\/testserver\/hallenbad\/wp-json\/wp\/v2\/pages\/815\/revisions"}],"predecessor-version":[{"id":19733,"href":"https:\/\/w10b.de\/testserver\/hallenbad\/wp-json\/wp\/v2\/pages\/815\/revisions\/19733"}],"up":[{"embeddable":true,"href":"https:\/\/w10b.de\/testserver\/hallenbad\/wp-json\/wp\/v2\/pages\/1244"}],"wp:featuredmedia":[{"embeddable":true,"href":"https:\/\/w10b.de\/testserver\/hallenbad\/wp-json\/wp\/v2\/media\/1222"}],"wp:attachment":[{"href":"https:\/\/w10b.de\/testserver\/hallenbad\/wp-json\/wp\/v2\/media?parent=815"}],"curies":[{"name":"wp","href":"https:\/\/api.w.org\/{rel}","templated":true}]}}