{"id":2932,"date":"2015-09-17T14:51:31","date_gmt":"2015-04-23T15:12:51","guid":{"rendered":"https:\/\/hallenbad.de\/kontakt-infos\/presse-2\/"},"modified":"2025-11-13T13:35:34","modified_gmt":"2025-11-13T12:35:34","slug":"jobs","status":"publish","type":"page","link":"https:\/\/w10b.de\/testserver\/hallenbad\/kontakt-infos\/jobs\/","title":{"rendered":"Jobs"},"content":{"rendered":"\t\t<div data-elementor-type=\"wp-page\" data-elementor-id=\"2932\" class=\"elementor elementor-2932\" data-elementor-post-type=\"page\">\n\t\t\t\t<div style=\"background-image: url(https:\/\/w10b.de\/testserver\/hallenbad\/wp-content\/uploads\/2015\/04\/MoveOnUp_C4A0784.jpg);background-position:center center;background-repeat:no-repeat;background-size:cover;\" class=\"e-lazyloaded elementor-element elementor-element-9f0e238 e-con-full e-flex e-con e-parent\" data-id=\"9f0e238\" data-element_type=\"container\" data-settings=\"{&quot;background_background&quot;:&quot;classic&quot;}\">\n\t\t\t\t<\/div>\n\t\t<div class=\"elementor-element elementor-element-3be98ed2 e-flex e-con-boxed e-con e-parent\" data-id=\"3be98ed2\" data-element_type=\"container\" data-settings=\"{&quot;background_background&quot;:&quot;classic&quot;}\">\n\t\t\t\t\t<div class=\"e-con-inner\">\n\t\t<div class=\"elementor-element elementor-element-199e4fc1 e-con-full e-flex e-con e-child\" data-id=\"199e4fc1\" data-element_type=\"container\" data-settings=\"{&quot;background_background&quot;:&quot;classic&quot;}\">\n\t\t\t\t<div class=\"elementor-element elementor-element-79d771cd elementor-widget__width-inherit elementor-widget elementor-widget-theme-post-title elementor-page-title elementor-widget-heading\" data-id=\"79d771cd\" data-element_type=\"widget\" data-widget_type=\"theme-post-title.default\">\n\t\t\t\t<div class=\"elementor-widget-container\">\n\t\t\t\t\t<h1 class=\"elementor-heading-title elementor-size-default\">Jobs<\/h1>\t\t\t\t<\/div>\n\t\t\t\t<\/div>\n\t\t\t\t<div class=\"elementor-element elementor-element-4ae0c5b7 elementor-widget__width-inherit elementor-widget-divider--view-line elementor-widget elementor-widget-divider\" data-id=\"4ae0c5b7\" data-element_type=\"widget\" data-widget_type=\"divider.default\">\n\t\t\t\t<div class=\"elementor-widget-container\">\n\t\t\t\t\t\t\t<div class=\"elementor-divider\">\n\t\t\t<span class=\"elementor-divider-separator\">\n\t\t\t\t\t\t<\/span>\n\t\t<\/div>\n\t\t\t\t\t\t<\/div>\n\t\t\t\t<\/div>\n\t\t<div class=\"elementor-element elementor-element-b0041f2 e-con-full e-flex e-con e-child\" data-id=\"b0041f2\" data-element_type=\"container\" data-settings=\"{&quot;background_background&quot;:&quot;classic&quot;}\">\n\t\t\t\t<div class=\"elementor-element elementor-element-137f3deb elementor-widget elementor-widget-text-editor\" data-id=\"137f3deb\" data-element_type=\"widget\" data-widget_type=\"text-editor.default\">\n\t\t\t\t<div class=\"elementor-widget-container\">\n\t\t\t\t\t\t\t\t\t<p>Das Hallenbad \u2013 Kultur am Schachtweg bietet nicht nur ein attraktives Programm, sondern ist auch ein spannender Arbeitgeber. Hier arbeiten motivierte Menschen in den Bereichen: Veranstaltungsmanagement, Veranstaltungstechnik, Eventmanagement, B\u00fcrokommunikation, Presse, Marketing, Gastronomie, Hausorganisation und Sozialp\u00e4dagogik. Zurzeit sorgen 25 festangestellte Mitarbeiter und Mitarbeiterinnen, f\u00fcnf Auszubildende, eine FSJ\u00b4lerin und zahlreiche freie Mitarbeiter f\u00fcr einen reibungslosen Ablauf im Tagesgesch\u00e4ft. Bei uns z\u00e4hlen Teamarbeit und Flexibilit\u00e4t, kein Tag ist wie der andere und die Freude am Job treibt uns an.<\/p>\t\t\t\t\t\t\t\t<\/div>\n\t\t\t\t<\/div>\n\t\t\t\t<div class=\"elementor-element elementor-element-72b3fd8 elementor-widget elementor-widget-text-editor\" data-id=\"72b3fd8\" data-element_type=\"widget\" data-widget_type=\"text-editor.default\">\n\t\t\t\t<div class=\"elementor-widget-container\">\n\t\t\t\t\t\t\t\t\t<p><strong>Stellenausschreibung: Servicepersonal auf 556,- \u20ac Basis (m\/w\/d)<br \/>Ab sofort in Wolfsburg<br \/><\/strong><\/p><p>Informationen finden Sie <a href=\"https:\/\/hallenbad.de\/wp-content\/uploads\/2025\/08\/Stellenausschreibung-Servicepersonal-mwd-Aushilfe.pdf\">Hier<\/a><\/p><p>Bewerbungen bitte an <a href=\"mailto:appel@hallenbad.de\">appel@hallenbad.de<\/a><\/p><p><strong><br \/>Freiwilligendienst im Bereich Kultur<\/strong><\/p><p>Derzeit haben wir keine freie Stelle!<\/p>\t\t\t\t\t\t\t\t<\/div>\n\t\t\t\t<\/div>\n\t\t\t\t<\/div>\n\t\t<div class=\"elementor-element elementor-element-58952574 e-con-full e-flex e-con e-child\" data-id=\"58952574\" data-element_type=\"container\">\n\t\t\t\t<div class=\"elementor-element elementor-element-761479a elementor-widget elementor-widget-heading\" data-id=\"761479a\" data-element_type=\"widget\" data-widget_type=\"heading.default\">\n\t\t\t\t<div class=\"elementor-widget-container\">\n\t\t\t\t\t<h3 class=\"elementor-heading-title elementor-size-default\">Ansprechpartner<\/h3>\t\t\t\t<\/div>\n\t\t\t\t<\/div>\n\t\t\t\t<div class=\"elementor-element elementor-element-73d3f7b6 elementor-widget elementor-widget-text-editor\" data-id=\"73d3f7b6\" data-element_type=\"widget\" data-widget_type=\"text-editor.default\">\n\t\t\t\t<div class=\"elementor-widget-container\">\n\t\t\t\t\t\t\t\t\t<p><strong>Hallenbad \u2013 Zentrum junge Kultur GmbH<\/strong><\/p><p><em>Personal<\/em><\/p><p>Tanja Appel<br \/>Schachtweg 31<br \/>38440 Wolfsburg<\/p><p>+49.(0) 5361.27 28 110<br \/><br \/><\/p>\t\t\t\t\t\t\t\t<\/div>\n\t\t\t\t<\/div>\n\t\t\t\t<div class=\"elementor-element elementor-element-3feb4dbd elementor-widget elementor-widget-button\" data-id=\"3feb4dbd\" data-element_type=\"widget\" data-widget_type=\"button.default\">\n\t\t\t\t<div class=\"elementor-widget-container\">\n\t\t\t\t\t\t\t\t\t<div class=\"elementor-button-wrapper\">\n\t\t\t\t\t<a class=\"elementor-button elementor-button-link elementor-size-sm\" href=\"mailto:appel@hallenbad.de\">\n\t\t\t\t\t\t<span class=\"elementor-button-content-wrapper\">\n\t\t\t\t\t\t\t\t\t<span class=\"elementor-button-text\">E-Mail schreiben<\/span>\n\t\t\t\t\t<\/span>\n\t\t\t\t\t<\/a>\n\t\t\t\t<\/div>\n\t\t\t\t\t\t\t\t<\/div>\n\t\t\t\t<\/div>\n\t\t\t\t<\/div>\n\t\t\t\t<\/div>\n\t\t\t\t\t<\/div>\n\t\t\t\t<\/div>\n\t\t\t\t<\/div>\n\t\t","protected":false},"excerpt":{"rendered":"<p>Das Hallenbad \u2013 Kultur am Schachtweg bietet nicht nur ein attraktives Programm, sondern ist auch ein spannender Arbeitgeber. Hier arbeiten motivierte Menschen in den Bereichen: Veranstaltungsmanagement, Veranstaltungstechnik, Eventmanagement, B\u00fcrokommunikation, Presse, Marketing, Gastronomie, Hausorganisation und Sozialp\u00e4dagogik. Zurzeit sorgen 25 festangestellte Mitarbeiter und Mitarbeiterinnen, f\u00fcnf Auszubildende, eine FSJ\u00b4lerin und zahlreiche freie Mitarbeiter f\u00fcr einen reibungslosen Ablauf im [&hellip;]<\/p>\n","protected":false},"author":1,"featured_media":2420,"parent":92,"menu_order":0,"comment_status":"closed","ping_status":"closed","template":"","meta":{"footnotes":""},"class_list":["post-2932","page","type-page","status-publish","has-post-thumbnail","hentry"],"_links":{"self":[{"href":"https:\/\/w10b.de\/testserver\/hallenbad\/wp-json\/wp\/v2\/pages\/2932","targetHints":{"allow":["GET"]}}],"collection":[{"href":"https:\/\/w10b.de\/testserver\/hallenbad\/wp-json\/wp\/v2\/pages"}],"about":[{"href":"https:\/\/w10b.de\/testserver\/hallenbad\/wp-json\/wp\/v2\/types\/page"}],"author":[{"embeddable":true,"href":"https:\/\/w10b.de\/testserver\/hallenbad\/wp-json\/wp\/v2\/users\/1"}],"replies":[{"embeddable":true,"href":"https:\/\/w10b.de\/testserver\/hallenbad\/wp-json\/wp\/v2\/comments?post=2932"}],"version-history":[{"count":119,"href":"https:\/\/w10b.de\/testserver\/hallenbad\/wp-json\/wp\/v2\/pages\/2932\/revisions"}],"predecessor-version":[{"id":19828,"href":"https:\/\/w10b.de\/testserver\/hallenbad\/wp-json\/wp\/v2\/pages\/2932\/revisions\/19828"}],"up":[{"embeddable":true,"href":"https:\/\/w10b.de\/testserver\/hallenbad\/wp-json\/wp\/v2\/pages\/92"}],"wp:featuredmedia":[{"embeddable":true,"href":"https:\/\/w10b.de\/testserver\/hallenbad\/wp-json\/wp\/v2\/media\/2420"}],"wp:attachment":[{"href":"https:\/\/w10b.de\/testserver\/hallenbad\/wp-json\/wp\/v2\/media?parent=2932"}],"curies":[{"name":"wp","href":"https:\/\/api.w.org\/{rel}","templated":true}]}}