{"id":1835,"date":"2015-07-08T17:36:02","date_gmt":"2015-05-18T10:55:18","guid":{"rendered":"https:\/\/hallenbad.de\/zentrum\/tonstudio-2\/"},"modified":"2025-09-10T10:29:21","modified_gmt":"2025-09-10T08:29:21","slug":"proberaeume","status":"publish","type":"page","link":"https:\/\/w10b.de\/testserver\/hallenbad\/kulturzentrum\/proberaeume\/","title":{"rendered":"Prober\u00e4ume"},"content":{"rendered":"\t\t<div data-elementor-type=\"wp-page\" data-elementor-id=\"1835\" class=\"elementor elementor-1835\" data-elementor-post-type=\"page\">\n\t\t\t\t<div style=\"background-image: url(https:\/\/w10b.de\/testserver\/hallenbad\/wp-content\/uploads\/2015\/07\/studio-4-von-5.jpg);background-position:center center;background-repeat:no-repeat;background-size:cover;\" class=\"e-lazyloaded elementor-element elementor-element-22a1aae2 e-con-full e-flex e-con e-parent\" data-id=\"22a1aae2\" data-element_type=\"container\" data-settings=\"{&quot;background_background&quot;:&quot;classic&quot;}\">\n\t\t\t\t<\/div>\n\t\t<div class=\"elementor-element elementor-element-5b86b3a6 e-flex e-con-boxed e-con e-parent\" data-id=\"5b86b3a6\" data-element_type=\"container\" data-settings=\"{&quot;background_background&quot;:&quot;classic&quot;}\">\n\t\t\t\t\t<div class=\"e-con-inner\">\n\t\t<div class=\"elementor-element elementor-element-190f2448 e-con-full e-flex e-con e-child\" data-id=\"190f2448\" data-element_type=\"container\" data-settings=\"{&quot;background_background&quot;:&quot;classic&quot;}\">\n\t\t\t\t<div class=\"elementor-element elementor-element-233e5a9b elementor-widget__width-inherit elementor-widget elementor-widget-theme-post-title elementor-page-title elementor-widget-heading\" data-id=\"233e5a9b\" data-element_type=\"widget\" data-widget_type=\"theme-post-title.default\">\n\t\t\t\t<div class=\"elementor-widget-container\">\n\t\t\t\t\t<h1 class=\"elementor-heading-title elementor-size-default\">Prober\u00e4ume<\/h1>\t\t\t\t<\/div>\n\t\t\t\t<\/div>\n\t\t\t\t<div class=\"elementor-element elementor-element-1abe6ad0 elementor-widget elementor-widget-heading\" data-id=\"1abe6ad0\" data-element_type=\"widget\" data-widget_type=\"heading.default\">\n\t\t\t\t<div class=\"elementor-widget-container\">\n\t\t\t\t\t<h2 class=\"elementor-heading-title elementor-size-default\">Vermietung an Bands<\/h2>\t\t\t\t<\/div>\n\t\t\t\t<\/div>\n\t\t\t\t<div class=\"elementor-element elementor-element-4e9d8a17 elementor-widget__width-inherit elementor-widget-divider--view-line elementor-widget elementor-widget-divider\" data-id=\"4e9d8a17\" data-element_type=\"widget\" data-widget_type=\"divider.default\">\n\t\t\t\t<div class=\"elementor-widget-container\">\n\t\t\t\t\t\t\t<div class=\"elementor-divider\">\n\t\t\t<span class=\"elementor-divider-separator\">\n\t\t\t\t\t\t<\/span>\n\t\t<\/div>\n\t\t\t\t\t\t<\/div>\n\t\t\t\t<\/div>\n\t\t<div class=\"elementor-element elementor-element-4ad9001e e-con-full e-flex e-con e-child\" data-id=\"4ad9001e\" data-element_type=\"container\" data-settings=\"{&quot;background_background&quot;:&quot;classic&quot;}\">\n\t\t\t\t<div class=\"elementor-element elementor-element-35b660ea elementor-widget elementor-widget-text-editor\" data-id=\"35b660ea\" data-element_type=\"widget\" data-widget_type=\"text-editor.default\">\n\t\t\t\t<div class=\"elementor-widget-container\">\n\t\t\t\t\t\t\t\t\t<p>Ein Schlagzeug im Keller, eine Trompete im Garten oder ein ganzes Orchester im Wohnzimmer \u2013 alles f\u00fcr viele Musiker*innen undenkbar, denn sp\u00e4testens bei der Probe in den Abendstunden klingeln die Nachbarn an der T\u00fcr. Doch wo \u00fcbt es sich ungest\u00f6rt? Na klar: Hier im Hallenbad.<\/p><p>F\u00fcr Bands, die \u00fcben m\u00f6chten, stehen im Hallenbad zwei Tagesprober\u00e4ume zur Verf\u00fcgung, die akustisch aufbereitet sind. Sie sind ca. 30 qm gro\u00df.<\/p><p>Zurzeit sind beide R\u00e4ume belegt.<br \/>Bei Interesse setzen wir Sie gerne auf die Warteliste.<\/p>\t\t\t\t\t\t\t\t<\/div>\n\t\t\t\t<\/div>\n\t\t\t\t<\/div>\n\t\t<div class=\"elementor-element elementor-element-38f68bf5 e-con-full e-flex e-con e-child\" data-id=\"38f68bf5\" data-element_type=\"container\">\n\t\t\t\t<div class=\"elementor-element elementor-element-96377f1 elementor-widget elementor-widget-heading\" data-id=\"96377f1\" data-element_type=\"widget\" data-widget_type=\"heading.default\">\n\t\t\t\t<div class=\"elementor-widget-container\">\n\t\t\t\t\t<h3 class=\"elementor-heading-title elementor-size-default\">Buchungen<\/h3>\t\t\t\t<\/div>\n\t\t\t\t<\/div>\n\t\t\t\t<div class=\"elementor-element elementor-element-449dae85 elementor-widget elementor-widget-text-editor\" data-id=\"449dae85\" data-element_type=\"widget\" data-widget_type=\"text-editor.default\">\n\t\t\t\t<div class=\"elementor-widget-container\">\n\t\t\t\t\t\t\t\t\t<p>Bei Fragen zu Anmietungen stehen wir gerne zur Verf\u00fcgung. Schreiben Sie eine E-Mail an :<\/p>\t\t\t\t\t\t\t\t<\/div>\n\t\t\t\t<\/div>\n\t\t\t\t<div class=\"elementor-element elementor-element-39e69005 elementor-widget elementor-widget-button\" data-id=\"39e69005\" data-element_type=\"widget\" data-widget_type=\"button.default\">\n\t\t\t\t<div class=\"elementor-widget-container\">\n\t\t\t\t\t\t\t\t\t<div class=\"elementor-button-wrapper\">\n\t\t\t\t\t<a class=\"elementor-button elementor-button-link elementor-size-sm\" href=\"mailto:vermietung@hallenbad.de%20\">\n\t\t\t\t\t\t<span class=\"elementor-button-content-wrapper\">\n\t\t\t\t\t\t\t\t\t<span class=\"elementor-button-text\">Anfragen<\/span>\n\t\t\t\t\t<\/span>\n\t\t\t\t\t<\/a>\n\t\t\t\t<\/div>\n\t\t\t\t\t\t\t\t<\/div>\n\t\t\t\t<\/div>\n\t\t\t\t<\/div>\n\t\t\t\t<\/div>\n\t\t\t\t\t<\/div>\n\t\t\t\t<\/div>\n\t\t\t\t<\/div>\n\t\t","protected":false},"excerpt":{"rendered":"<p>Vermietung an Bands Ein Schlagzeug im Keller, eine Trompete im Garten oder ein ganzes Orchester im Wohnzimmer \u2013 alles f\u00fcr viele Musiker*innen undenkbar, denn sp\u00e4testens bei der Probe in den Abendstunden klingeln die Nachbarn an der T\u00fcr. Doch wo \u00fcbt es sich ungest\u00f6rt? Na klar: Hier im Hallenbad. F\u00fcr Bands, die \u00fcben m\u00f6chten, stehen im [&hellip;]<\/p>\n","protected":false},"author":1,"featured_media":1888,"parent":83,"menu_order":0,"comment_status":"closed","ping_status":"closed","template":"","meta":{"footnotes":""},"class_list":["post-1835","page","type-page","status-publish","has-post-thumbnail","hentry"],"_links":{"self":[{"href":"https:\/\/w10b.de\/testserver\/hallenbad\/wp-json\/wp\/v2\/pages\/1835","targetHints":{"allow":["GET"]}}],"collection":[{"href":"https:\/\/w10b.de\/testserver\/hallenbad\/wp-json\/wp\/v2\/pages"}],"about":[{"href":"https:\/\/w10b.de\/testserver\/hallenbad\/wp-json\/wp\/v2\/types\/page"}],"author":[{"embeddable":true,"href":"https:\/\/w10b.de\/testserver\/hallenbad\/wp-json\/wp\/v2\/users\/1"}],"replies":[{"embeddable":true,"href":"https:\/\/w10b.de\/testserver\/hallenbad\/wp-json\/wp\/v2\/comments?post=1835"}],"version-history":[{"count":25,"href":"https:\/\/w10b.de\/testserver\/hallenbad\/wp-json\/wp\/v2\/pages\/1835\/revisions"}],"predecessor-version":[{"id":19752,"href":"https:\/\/w10b.de\/testserver\/hallenbad\/wp-json\/wp\/v2\/pages\/1835\/revisions\/19752"}],"up":[{"embeddable":true,"href":"https:\/\/w10b.de\/testserver\/hallenbad\/wp-json\/wp\/v2\/pages\/83"}],"wp:featuredmedia":[{"embeddable":true,"href":"https:\/\/w10b.de\/testserver\/hallenbad\/wp-json\/wp\/v2\/media\/1888"}],"wp:attachment":[{"href":"https:\/\/w10b.de\/testserver\/hallenbad\/wp-json\/wp\/v2\/media?parent=1835"}],"curies":[{"name":"wp","href":"https:\/\/api.w.org\/{rel}","templated":true}]}}