{"id":1463,"date":"2015-06-26T09:26:08","date_gmt":"2015-04-21T05:00:31","guid":{"rendered":"https:\/\/hallenbad.de\/kontakt-anfahrt-2\/"},"modified":"2025-09-10T10:38:46","modified_gmt":"2025-09-10T08:38:46","slug":"anreise","status":"publish","type":"page","link":"https:\/\/w10b.de\/testserver\/hallenbad\/anreise\/","title":{"rendered":"Anreise"},"content":{"rendered":"\t\t<div data-elementor-type=\"wp-page\" data-elementor-id=\"1463\" class=\"elementor elementor-1463\" data-elementor-post-type=\"page\">\n\t\t\t\t<div style=\"background-image: url(https:\/\/w10b.de\/testserver\/hallenbad\/wp-content\/uploads\/2015\/06\/gebaeude1-4-von-11.jpg);background-position:center center;background-repeat:no-repeat;background-size:cover;\" class=\"e-lazyloaded elementor-element elementor-element-2b345c89 e-con-full e-flex e-con e-parent\" data-id=\"2b345c89\" data-element_type=\"container\" data-settings=\"{&quot;background_background&quot;:&quot;classic&quot;}\">\n\t\t\t\t<\/div>\n\t\t<div class=\"elementor-element elementor-element-1f148d90 e-flex e-con-boxed e-con e-parent\" data-id=\"1f148d90\" data-element_type=\"container\" data-settings=\"{&quot;background_background&quot;:&quot;classic&quot;}\">\n\t\t\t\t\t<div class=\"e-con-inner\">\n\t\t<div class=\"elementor-element elementor-element-5e05e441 e-con-full e-flex e-con e-child\" data-id=\"5e05e441\" data-element_type=\"container\" data-settings=\"{&quot;background_background&quot;:&quot;classic&quot;}\">\n\t\t\t\t<div class=\"elementor-element elementor-element-7fb0500f elementor-widget__width-inherit elementor-widget elementor-widget-theme-post-title elementor-page-title elementor-widget-heading\" data-id=\"7fb0500f\" data-element_type=\"widget\" data-widget_type=\"theme-post-title.default\">\n\t\t\t\t<div class=\"elementor-widget-container\">\n\t\t\t\t\t<h1 class=\"elementor-heading-title elementor-size-default\">Anreise<\/h1>\t\t\t\t<\/div>\n\t\t\t\t<\/div>\n\t\t\t\t<div class=\"elementor-element elementor-element-47ae8ca3 elementor-widget elementor-widget-heading\" data-id=\"47ae8ca3\" data-element_type=\"widget\" data-widget_type=\"heading.default\">\n\t\t\t\t<div class=\"elementor-widget-container\">\n\t\t\t\t\t<h2 class=\"elementor-heading-title elementor-size-default\">So erreichen Sie uns<\/h2>\t\t\t\t<\/div>\n\t\t\t\t<\/div>\n\t\t\t\t<div class=\"elementor-element elementor-element-6f560384 elementor-widget__width-inherit elementor-widget-divider--view-line elementor-widget elementor-widget-divider\" data-id=\"6f560384\" data-element_type=\"widget\" data-widget_type=\"divider.default\">\n\t\t\t\t<div class=\"elementor-widget-container\">\n\t\t\t\t\t\t\t<div class=\"elementor-divider\">\n\t\t\t<span class=\"elementor-divider-separator\">\n\t\t\t\t\t\t<\/span>\n\t\t<\/div>\n\t\t\t\t\t\t<\/div>\n\t\t\t\t<\/div>\n\t\t<div class=\"elementor-element elementor-element-5584f344 e-con-full e-flex e-con e-child\" data-id=\"5584f344\" data-element_type=\"container\" data-settings=\"{&quot;background_background&quot;:&quot;classic&quot;}\">\n\t\t\t\t<div class=\"elementor-element elementor-element-ea0ce66 elementor-widget elementor-widget-text-editor\" data-id=\"ea0ce66\" data-element_type=\"widget\" data-widget_type=\"text-editor.default\">\n\t\t\t\t<div class=\"elementor-widget-container\">\n\t\t\t\t\t\t\t\t\t<p>Mit der <b>Bahn<\/b>: Der Hauptbahnhof ist fu\u00dfl\u00e4ufig in zehn Minuten erreichbar.<\/p><p>Mit dem <b>Bus<\/b>: Bushaltestellen finden Sie im Kaufhof, an der Kleiststra\u00dfe und in der Goethestra\u00dfe.<\/p><p>Mit dem <b>PKW<\/b>: Aus dem Norden kommend fahren Sie auf die A7 in Richtung Hannover bis zum Autobahnkreuz (57) Hannover Ost. Hier wechseln Sie auf die A2 in Richtung Braunschweig\/Berlin. Folgen Sie der A2 bis zum Autobahnkreuz (58) Wolfsburg\/K\u00f6nigslutter. Wechseln Sie dort auf die A39 in Richtung Wolfsburg. Auf der A39 fahren Sie bis zur Anschlussstelle Wolfsburg-West und verlassen Sie die Autobahn in Richtung Autostadt. Biegen Sie rechts ab auf die Heinrich-Nordhoff-Stra\u00dfe und folgen Sie weiterhin der Beschilderung \u201eBahnhof\u201c. Nach der Burger-King Kreuzung biegen Sie rechts in den Schachtweg ein.<\/p><p><strong>Parken<\/strong>: Parkm\u00f6glichkeiten finden Sie direkt am Hallenbad vor dem Lido. Neben dem Penny-Einkaufsmarkt ist ein \u00f6ffentlicher Parkplatz, dieser ist ab 18 Uhr geb\u00fchrenfrei.<\/p><p>Ein barrierefreier Zugang zum Hallenbad ist m\u00f6glich. Wenden Sie sich bitte an unsere Mitarbeiter. Behindertengerechte Parkpl\u00e4tze sind am Haupteingang \u00fcber Zufahrt Kantallee vorhanden.<\/p><p><b>Wichtig: Der Veranstaltungseingang ist am Ende der Kantallee<\/b> \u2013 nicht im Schachtweg<\/p>\t\t\t\t\t\t\t\t<\/div>\n\t\t\t\t<\/div>\n\t\t\t\t<\/div>\n\t\t<div class=\"elementor-element elementor-element-df8132f e-con-full e-flex e-con e-child\" data-id=\"df8132f\" data-element_type=\"container\">\n\t\t\t\t<div class=\"elementor-element elementor-element-71c352f6 elementor-widget elementor-widget-text-editor\" data-id=\"71c352f6\" data-element_type=\"widget\" data-widget_type=\"text-editor.default\">\n\t\t\t\t<div class=\"elementor-widget-container\">\n\t\t\t\t\t\t\t\t\t<p><strong>Hallenbad \u2013 Zentrum junge Kultur Wolfsburg GmbH<\/strong><\/p><p>Schachtweg 31<br \/>38440 Wolfsburg<\/p><p>Tel. 05361 . 27 28 100<br \/>Fax 05361 . 27 28 111<\/p>\t\t\t\t\t\t\t\t<\/div>\n\t\t\t\t<\/div>\n\t\t\t\t<div class=\"elementor-element elementor-element-d2391b4 elementor-widget elementor-widget-button\" data-id=\"d2391b4\" data-element_type=\"widget\" data-widget_type=\"button.default\">\n\t\t\t\t<div class=\"elementor-widget-container\">\n\t\t\t\t\t\t\t\t\t<div class=\"elementor-button-wrapper\">\n\t\t\t\t\t<a class=\"elementor-button elementor-button-link elementor-size-sm\" href=\"mailto:info@hallenbad.de\">\n\t\t\t\t\t\t<span class=\"elementor-button-content-wrapper\">\n\t\t\t\t\t\t\t\t\t<span class=\"elementor-button-text\">Anfragen<\/span>\n\t\t\t\t\t<\/span>\n\t\t\t\t\t<\/a>\n\t\t\t\t<\/div>\n\t\t\t\t\t\t\t\t<\/div>\n\t\t\t\t<\/div>\n\t\t\t\t<div class=\"elementor-element elementor-element-98d7abe elementor-widget elementor-widget-text-editor\" data-id=\"98d7abe\" data-element_type=\"widget\" data-widget_type=\"text-editor.default\">\n\t\t\t\t<div class=\"elementor-widget-container\">\n\t\t\t\t\t\t\t\t\t<p><b>B\u00fcrozeiten im Hallenbad: <\/b><\/p><p>Dienstag und Donnerstag <br \/>10:00 bis 16:00 Uhr<\/p><p>Montag, Mittwoch und Freitag geschlossen<\/p>\t\t\t\t\t\t\t\t<\/div>\n\t\t\t\t<\/div>\n\t\t\t\t<div class=\"elementor-element elementor-element-6a70a99 elementor-widget elementor-widget-image\" data-id=\"6a70a99\" data-element_type=\"widget\" data-widget_type=\"image.default\">\n\t\t\t\t<div class=\"elementor-widget-container\">\n\t\t\t\t\t\t\t\t\t\t\t\t\t\t\t\t<a href=\"https:\/\/w10b.de\/testserver\/hallenbad\/wp-content\/uploads\/2015\/06\/Parkplatzweiser.jpg\" data-elementor-open-lightbox=\"yes\" data-e-action-hash=\"#elementor-action%3Aaction%3Dlightbox%26settings%3DeyJpZCI6Mjk4MCwidXJsIjoiaHR0cHM6XC9cL3cxMGIuZGVcL3Rlc3RzZXJ2ZXJcL2hhbGxlbmJhZFwvd3AtY29udGVudFwvdXBsb2Fkc1wvMjAxNVwvMDZcL1BhcmtwbGF0endlaXNlci5qcGcifQ%3D%3D\">\n\t\t\t\t\t\t\t<img fetchpriority=\"high\" decoding=\"async\" width=\"885\" height=\"1080\" src=\"https:\/\/w10b.de\/testserver\/hallenbad\/wp-content\/uploads\/2015\/06\/Parkplatzweiser.jpg\" class=\"attachment-large size-large wp-image-2980\" alt=\"\" srcset=\"https:\/\/w10b.de\/testserver\/hallenbad\/wp-content\/uploads\/2015\/06\/Parkplatzweiser.jpg 885w, https:\/\/w10b.de\/testserver\/hallenbad\/wp-content\/uploads\/2015\/06\/Parkplatzweiser-768x937.jpg 768w, https:\/\/w10b.de\/testserver\/hallenbad\/wp-content\/uploads\/2015\/06\/Parkplatzweiser-177x216.jpg 177w, https:\/\/w10b.de\/testserver\/hallenbad\/wp-content\/uploads\/2015\/06\/Parkplatzweiser-524x640.jpg 524w\" sizes=\"(max-width: 885px) 100vw, 885px\" \/>\t\t\t\t\t\t\t\t<\/a>\n\t\t\t\t\t\t\t\t\t\t\t\t\t\t\t<\/div>\n\t\t\t\t<\/div>\n\t\t\t\t<div class=\"elementor-element elementor-element-3e45204 elementor-widget elementor-widget-text-editor\" data-id=\"3e45204\" data-element_type=\"widget\" data-widget_type=\"text-editor.default\">\n\t\t\t\t<div class=\"elementor-widget-container\">\n\t\t\t\t\t\t\t\t\t<p>Zum vergr\u00f6\u00dfern auf das Bild klicken<\/p>\t\t\t\t\t\t\t\t<\/div>\n\t\t\t\t<\/div>\n\t\t\t\t<\/div>\n\t\t\t\t<div class=\"elementor-element elementor-element-d669e09 elementor-widget elementor-widget-google_maps\" data-id=\"d669e09\" data-element_type=\"widget\" data-widget_type=\"google_maps.default\">\n\t\t\t\t<div class=\"elementor-widget-container\">\n\t\t\t\t\t\t\t<div class=\"elementor-custom-embed\">\n\t\t\t<iframe loading=\"lazy\"\n\t\t\t\t\tsrc=\"https:\/\/maps.google.com\/maps?q=Schachtweg%2031%2038440%20Wolfsburg&#038;t=m&#038;z=13&#038;output=embed&#038;iwloc=near\"\n\t\t\t\t\ttitle=\"Schachtweg 31 38440 Wolfsburg\"\n\t\t\t\t\taria-label=\"Schachtweg 31 38440 Wolfsburg\"\n\t\t\t><\/iframe>\n\t\t<\/div>\n\t\t\t\t\t\t<\/div>\n\t\t\t\t<\/div>\n\t\t\t\t<\/div>\n\t\t\t\t\t<\/div>\n\t\t\t\t<\/div>\n\t\t\t\t<\/div>\n\t\t","protected":false},"excerpt":{"rendered":"<p>So erreichen Sie uns Mit der Bahn: Der Hauptbahnhof ist fu\u00dfl\u00e4ufig in zehn Minuten erreichbar. Mit dem Bus: Bushaltestellen finden Sie im Kaufhof, an der Kleiststra\u00dfe und in der Goethestra\u00dfe. Mit dem PKW: Aus dem Norden kommend fahren Sie auf die A7 in Richtung Hannover bis zum Autobahnkreuz (57) Hannover Ost. Hier wechseln Sie auf [&hellip;]<\/p>\n","protected":false},"author":1,"featured_media":2979,"parent":0,"menu_order":0,"comment_status":"closed","ping_status":"closed","template":"","meta":{"footnotes":""},"class_list":["post-1463","page","type-page","status-publish","has-post-thumbnail","hentry"],"_links":{"self":[{"href":"https:\/\/w10b.de\/testserver\/hallenbad\/wp-json\/wp\/v2\/pages\/1463","targetHints":{"allow":["GET"]}}],"collection":[{"href":"https:\/\/w10b.de\/testserver\/hallenbad\/wp-json\/wp\/v2\/pages"}],"about":[{"href":"https:\/\/w10b.de\/testserver\/hallenbad\/wp-json\/wp\/v2\/types\/page"}],"author":[{"embeddable":true,"href":"https:\/\/w10b.de\/testserver\/hallenbad\/wp-json\/wp\/v2\/users\/1"}],"replies":[{"embeddable":true,"href":"https:\/\/w10b.de\/testserver\/hallenbad\/wp-json\/wp\/v2\/comments?post=1463"}],"version-history":[{"count":36,"href":"https:\/\/w10b.de\/testserver\/hallenbad\/wp-json\/wp\/v2\/pages\/1463\/revisions"}],"predecessor-version":[{"id":19770,"href":"https:\/\/w10b.de\/testserver\/hallenbad\/wp-json\/wp\/v2\/pages\/1463\/revisions\/19770"}],"wp:featuredmedia":[{"embeddable":true,"href":"https:\/\/w10b.de\/testserver\/hallenbad\/wp-json\/wp\/v2\/media\/2979"}],"wp:attachment":[{"href":"https:\/\/w10b.de\/testserver\/hallenbad\/wp-json\/wp\/v2\/media?parent=1463"}],"curies":[{"name":"wp","href":"https:\/\/api.w.org\/{rel}","templated":true}]}}