{"id":1458,"date":"2015-06-26T09:18:56","date_gmt":"2015-05-18T10:53:59","guid":{"rendered":"https:\/\/hallenbad.de\/kulturzentrum\/buehnen-3\/"},"modified":"2025-09-10T14:42:08","modified_gmt":"2025-09-10T12:42:08","slug":"buehnen","status":"publish","type":"page","link":"https:\/\/w10b.de\/testserver\/hallenbad\/kulturzentrum\/buehnen\/","title":{"rendered":"B\u00fchnen"},"content":{"rendered":"\t\t<div data-elementor-type=\"wp-page\" data-elementor-id=\"1458\" class=\"elementor elementor-1458\" data-elementor-post-type=\"page\">\n\t\t\t\t<div style=\"background-image: url(https:\/\/w10b.de\/testserver\/hallenbad\/wp-content\/uploads\/2015\/06\/Konzert.jpg);background-position:center center;background-repeat:no-repeat;background-size:cover;\" class=\"e-lazyloaded elementor-element elementor-element-25bb1c e-con-full e-flex e-con e-parent\" data-id=\"25bb1c\" data-element_type=\"container\" data-settings=\"{&quot;background_background&quot;:&quot;classic&quot;}\">\n\t\t\t\t<\/div>\n\t\t<div class=\"elementor-element elementor-element-37217546 e-flex e-con-boxed e-con e-parent\" data-id=\"37217546\" data-element_type=\"container\" data-settings=\"{&quot;background_background&quot;:&quot;classic&quot;}\">\n\t\t\t\t\t<div class=\"e-con-inner\">\n\t\t<div class=\"elementor-element elementor-element-20088c28 e-con-full e-flex e-con e-child\" data-id=\"20088c28\" data-element_type=\"container\" data-settings=\"{&quot;background_background&quot;:&quot;classic&quot;}\">\n\t\t\t\t<div class=\"elementor-element elementor-element-177aff41 elementor-widget__width-inherit elementor-widget elementor-widget-theme-post-title elementor-page-title elementor-widget-heading\" data-id=\"177aff41\" data-element_type=\"widget\" data-widget_type=\"theme-post-title.default\">\n\t\t\t\t<div class=\"elementor-widget-container\">\n\t\t\t\t\t<h1 class=\"elementor-heading-title elementor-size-default\">B\u00fchnen<\/h1>\t\t\t\t<\/div>\n\t\t\t\t<\/div>\n\t\t\t\t<div class=\"elementor-element elementor-element-3d398287 elementor-widget elementor-widget-heading\" data-id=\"3d398287\" data-element_type=\"widget\" data-widget_type=\"heading.default\">\n\t\t\t\t<div class=\"elementor-widget-container\">\n\t\t\t\t\t<h2 class=\"elementor-heading-title elementor-size-default\">Raum f\u00fcr jeden Anlass<\/h2>\t\t\t\t<\/div>\n\t\t\t\t<\/div>\n\t\t\t\t<div class=\"elementor-element elementor-element-2f961ad1 elementor-widget__width-inherit elementor-widget-divider--view-line elementor-widget elementor-widget-divider\" data-id=\"2f961ad1\" data-element_type=\"widget\" data-widget_type=\"divider.default\">\n\t\t\t\t<div class=\"elementor-widget-container\">\n\t\t\t\t\t\t\t<div class=\"elementor-divider\">\n\t\t\t<span class=\"elementor-divider-separator\">\n\t\t\t\t\t\t<\/span>\n\t\t<\/div>\n\t\t\t\t\t\t<\/div>\n\t\t\t\t<\/div>\n\t\t<div class=\"elementor-element elementor-element-15b4811e e-con-full e-flex e-con e-child\" data-id=\"15b4811e\" data-element_type=\"container\" data-settings=\"{&quot;background_background&quot;:&quot;classic&quot;}\">\n\t\t\t\t<div class=\"elementor-element elementor-element-a0197dc elementor-widget elementor-widget-heading\" data-id=\"a0197dc\" data-element_type=\"widget\" data-widget_type=\"heading.default\">\n\t\t\t\t<div class=\"elementor-widget-container\">\n\t\t\t\t\t<h3 class=\"elementor-heading-title elementor-size-default\">Location Mieten<\/h3>\t\t\t\t<\/div>\n\t\t\t\t<\/div>\n\t\t\t\t<div class=\"elementor-element elementor-element-20214b1 elementor-widget elementor-widget-text-editor\" data-id=\"20214b1\" data-element_type=\"widget\" data-widget_type=\"text-editor.default\">\n\t\t\t\t<div class=\"elementor-widget-container\">\n\t\t\t\t\t\t\t\t\t<p>Sie haben Interesse eine der Locations f\u00fcr Ihre Veranstaltung zu mieten?<\/p><p>Kontaktieren Sie uns direkt:<\/p><p><strong>Tanja Appel<\/strong> <br \/>Tel.: 05361 2728110<\/p><p><strong>Luca Demtschuk<\/strong> <br \/>Tel.: 05361 2728109<\/p>\t\t\t\t\t\t\t\t<\/div>\n\t\t\t\t<\/div>\n\t\t\t\t<\/div>\n\t\t<div class=\"elementor-element elementor-element-46aaec73 e-con-full e-flex e-con e-child\" data-id=\"46aaec73\" data-element_type=\"container\">\n\t\t\t\t<div class=\"elementor-element elementor-element-7849808 elementor-widget elementor-widget-button\" data-id=\"7849808\" data-element_type=\"widget\" data-widget_type=\"button.default\">\n\t\t\t\t<div class=\"elementor-widget-container\">\n\t\t\t\t\t\t\t\t\t<div class=\"elementor-button-wrapper\">\n\t\t\t\t\t<a class=\"elementor-button elementor-button-link elementor-size-sm\" href=\"https:\/\/hallenbad.de\/2024_11_Vermietbroschu%CC%88re_01.pdf?_t=1731940131\" target=\"_blank\">\n\t\t\t\t\t\t<span class=\"elementor-button-content-wrapper\">\n\t\t\t\t\t\t\t\t\t<span class=\"elementor-button-text\">Brosch\u00fcre (PDF)<\/span>\n\t\t\t\t\t<\/span>\n\t\t\t\t\t<\/a>\n\t\t\t\t<\/div>\n\t\t\t\t\t\t\t\t<\/div>\n\t\t\t\t<\/div>\n\t\t\t\t<div class=\"elementor-element elementor-element-527b525b elementor-widget elementor-widget-button\" data-id=\"527b525b\" data-element_type=\"widget\" data-widget_type=\"button.default\">\n\t\t\t\t<div class=\"elementor-widget-container\">\n\t\t\t\t\t\t\t\t\t<div class=\"elementor-button-wrapper\">\n\t\t\t\t\t<a class=\"elementor-button elementor-button-link elementor-size-sm\" href=\"https:\/\/w10b.de\/testserver\/hallenbad\/kulturzentrum\/vermietung\/\">\n\t\t\t\t\t\t<span class=\"elementor-button-content-wrapper\">\n\t\t\t\t\t\t\t\t\t<span class=\"elementor-button-text\">Location Anfragen<\/span>\n\t\t\t\t\t<\/span>\n\t\t\t\t\t<\/a>\n\t\t\t\t<\/div>\n\t\t\t\t\t\t\t\t<\/div>\n\t\t\t\t<\/div>\n\t\t\t\t<\/div>\n\t\t\t\t<div class=\"elementor-element elementor-element-c3b1b73 elementor-cta--tablet-layout-image-above elementor-cta--mobile-layout-image-above elementor-widget__width-inherit elementor-cta--layout-image-left elementor-cta--skin-classic elementor-animated-content elementor-widget elementor-widget-call-to-action\" data-id=\"c3b1b73\" data-element_type=\"widget\" data-widget_type=\"call-to-action.default\">\n\t\t\t\t<div class=\"elementor-widget-container\">\n\t\t\t\t\t\t\t<div class=\"elementor-cta\">\n\t\t\t\t\t<div class=\"elementor-cta__bg-wrapper\">\n\t\t\t\t<div class=\"elementor-cta__bg elementor-bg\" style=\"background-image: url(https:\/\/w10b.de\/testserver\/hallenbad\/wp-content\/uploads\/2015\/05\/tigran-15.11.2014-5-von-18-1280x853.jpg);\" role=\"img\" aria-label=\"tigran 15.11.2014 (5 von 18)\"><\/div>\n\t\t\t\t<div class=\"elementor-cta__bg-overlay\"><\/div>\n\t\t\t<\/div>\n\t\t\t\t\t\t\t<div class=\"elementor-cta__content\">\n\t\t\t\t\n\t\t\t\t\t\t\t\t\t<h3 class=\"elementor-cta__title elementor-cta__content-item elementor-content-item\">\n\t\t\t\t\t\tSchwimmerbecken mit Sprungturm\t\t\t\t\t<\/h3>\n\t\t\t\t\n\t\t\t\t\t\t\t\t\t<div class=\"elementor-cta__description elementor-cta__content-item elementor-content-item\">\n\t\t\t\t\t\tMit dem gro\u00dfen Schwimmerbecken besitzt das Hallenbad einen Veranstaltungsort, der bundesweit einmalig ist. Unter dem Sprungturm zwischen den wei\u00dfen Kacheln im Becken zu sitzen und ein Konzert zu erleben, ist auf jeden Fall ein besonderes Erlebnis. Immer wieder sind die Besucher*innen von dem besonderen Ambiente dieses Raumes begeistert, zumal die Akustik ausgezeichnet ist. Haupts\u00e4chlich wird das gro\u00dfe Schwimmerbecken f\u00fcr Konzertreihen wie \u201eJazz im Pool\u201c und \u201eKlassik im Schwimmerbecken\u201c genutzt, aber auch Ausstellungen fanden hier schon einen interessanten Rahmen.\t\t\t\t\t<\/div>\n\t\t\t\t\n\t\t\t\t\t\t\t<\/div>\n\t\t\t\t\t\t<\/div>\n\t\t\t\t\t\t<\/div>\n\t\t\t\t<\/div>\n\t\t\t\t<div class=\"elementor-element elementor-element-a6d84b2 elementor-cta--tablet-layout-image-above elementor-cta--mobile-layout-image-above elementor-widget__width-inherit elementor-cta--layout-image-right elementor-cta--skin-classic elementor-animated-content elementor-widget elementor-widget-call-to-action\" data-id=\"a6d84b2\" data-element_type=\"widget\" data-widget_type=\"call-to-action.default\">\n\t\t\t\t<div class=\"elementor-widget-container\">\n\t\t\t\t\t\t\t<div class=\"elementor-cta\">\n\t\t\t\t\t<div class=\"elementor-cta__bg-wrapper\">\n\t\t\t\t<div class=\"elementor-cta__bg elementor-bg\" style=\"background-image: url(https:\/\/w10b.de\/testserver\/hallenbad\/wp-content\/uploads\/2015\/05\/doro-02.05.2015-25-von-27-1280x720.jpg);\" role=\"img\" aria-label=\"doro 02.05.2015 (25 von 27)\"><\/div>\n\t\t\t\t<div class=\"elementor-cta__bg-overlay\"><\/div>\n\t\t\t<\/div>\n\t\t\t\t\t\t\t<div class=\"elementor-cta__content\">\n\t\t\t\t\n\t\t\t\t\t\t\t\t\t<h3 class=\"elementor-cta__title elementor-cta__content-item elementor-content-item\">\n\t\t\t\t\t\tNichtschwimmer&shy;becken\t\t\t\t\t<\/h3>\n\t\t\t\t\n\t\t\t\t\t\t\t\t\t<div class=\"elementor-cta__description elementor-cta__content-item elementor-content-item\">\n\t\t\t\t\t\tDie gro\u00dfe B\u00fchne ist unser gro\u00dfer Saal im ehemaligen Nichtschwimmerbecken. Bei Konzerten finden hier bis zu 1000 G\u00e4ste Platz. Je nach den Erfordernissen der Veranstaltung ist er variabel nutzbar \u2013 von einem gem\u00fctlichen Salon mit Tischen und Kerzen f\u00fcr Kabarett-Abende bis hin zu eine gro\u00dfen, freien Fl\u00e4che zum Tanzen bei Konzerten.\t\t\t\t\t<\/div>\n\t\t\t\t\n\t\t\t\t\t\t\t<\/div>\n\t\t\t\t\t\t<\/div>\n\t\t\t\t\t\t<\/div>\n\t\t\t\t<\/div>\n\t\t\t\t<div class=\"elementor-element elementor-element-2e99008 elementor-cta--tablet-layout-image-above elementor-cta--mobile-layout-image-above elementor-widget__width-inherit elementor-cta--layout-image-left elementor-cta--skin-classic elementor-animated-content elementor-widget elementor-widget-call-to-action\" data-id=\"2e99008\" data-element_type=\"widget\" data-widget_type=\"call-to-action.default\">\n\t\t\t\t<div class=\"elementor-widget-container\">\n\t\t\t\t\t\t\t<div class=\"elementor-cta\">\n\t\t\t\t\t<div class=\"elementor-cta__bg-wrapper\">\n\t\t\t\t<div class=\"elementor-cta__bg elementor-bg\" style=\"background-image: url(https:\/\/w10b.de\/testserver\/hallenbad\/wp-content\/uploads\/2015\/06\/fredda-08022014-9-von-13-1280x853.jpg);\" role=\"img\" aria-label=\"fredda 08022014 (9 von 13)\"><\/div>\n\t\t\t\t<div class=\"elementor-cta__bg-overlay\"><\/div>\n\t\t\t<\/div>\n\t\t\t\t\t\t\t<div class=\"elementor-cta__content\">\n\t\t\t\t\n\t\t\t\t\t\t\t\t\t<h3 class=\"elementor-cta__title elementor-cta__content-item elementor-content-item\">\n\t\t\t\t\t\tKleine B\u00fchne\t\t\t\t\t<\/h3>\n\t\t\t\t\n\t\t\t\t\t\t\t\t\t<div class=\"elementor-cta__description elementor-cta__content-item elementor-content-item\">\n\t\t\t\t\t\tIm Hallenbad finden junge Bands eine Plattform. Wir f\u00f6rdern junge Talente und regionale \u201eStars\u201c, indem wir Ihnen die M\u00f6glichkeit geben, ihr K\u00f6nnen auf unserer kleinen B\u00fchne vor max. 300 Zuschauer*innen zu pr\u00e4sentieren. Sonntags bis donnerstags verwandelt sich unsere kleine B\u00fchne in ein Programmkino. In hervorragender Digitalqualit\u00e4t, mit bequemen Sitzen, einem gem\u00fctlichen Sofa und leckeren Getr\u00e4nken k\u00f6nnen Sie sich hier gro\u00dfartige Filme anschauen.\t\t\t\t\t<\/div>\n\t\t\t\t\n\t\t\t\t\t\t\t<\/div>\n\t\t\t\t\t\t<\/div>\n\t\t\t\t\t\t<\/div>\n\t\t\t\t<\/div>\n\t\t\t\t<div class=\"elementor-element elementor-element-ddad8af elementor-cta--tablet-layout-image-above elementor-cta--mobile-layout-image-above elementor-widget__width-inherit elementor-cta--layout-image-right elementor-cta--skin-classic elementor-animated-content elementor-widget elementor-widget-call-to-action\" data-id=\"ddad8af\" data-element_type=\"widget\" data-widget_type=\"call-to-action.default\">\n\t\t\t\t<div class=\"elementor-widget-container\">\n\t\t\t\t\t\t\t<div class=\"elementor-cta\">\n\t\t\t\t\t<div class=\"elementor-cta__bg-wrapper\">\n\t\t\t\t<div class=\"elementor-cta__bg elementor-bg\" style=\"background-image: url(https:\/\/w10b.de\/testserver\/hallenbad\/wp-content\/uploads\/2024\/03\/Hallenbad_Biergarten_01-1280x721.jpg);\" role=\"img\" aria-label=\"Hallenbad_Biergarten_01\"><\/div>\n\t\t\t\t<div class=\"elementor-cta__bg-overlay\"><\/div>\n\t\t\t<\/div>\n\t\t\t\t\t\t\t<div class=\"elementor-cta__content\">\n\t\t\t\t\n\t\t\t\t\t\t\t\t\t<h3 class=\"elementor-cta__title elementor-cta__content-item elementor-content-item\">\n\t\t\t\t\t\tSommerb\u00fchne \u2013 Biergarten\t\t\t\t\t<\/h3>\n\t\t\t\t\n\t\t\t\t\t\t\t\t\t<div class=\"elementor-cta__description elementor-cta__content-item elementor-content-item\">\n\t\t\t\t\t\tAuf unserer B\u00fchne im Biergarten finden in der Sommersaison zahlreiche Veranstaltungen f\u00fcr die Biergarten-Besucher*innen statt. Es treten Bands und Comedians auf, beim Open-Air Kino laufen Film-Highlights und Public Viewing von Fu\u00dfballspielen geh\u00f6rt ebenfalls  zum Programm.\t\t\t\t\t<\/div>\n\t\t\t\t\n\t\t\t\t\t\t\t<\/div>\n\t\t\t\t\t\t<\/div>\n\t\t\t\t\t\t<\/div>\n\t\t\t\t<\/div>\n\t\t\t\t<div class=\"elementor-element elementor-element-c6e5a10 elementor-cta--tablet-layout-image-above elementor-cta--mobile-layout-image-above elementor-widget__width-inherit elementor-cta--layout-image-left elementor-cta--skin-classic elementor-animated-content elementor-widget elementor-widget-call-to-action\" data-id=\"c6e5a10\" data-element_type=\"widget\" data-widget_type=\"call-to-action.default\">\n\t\t\t\t<div class=\"elementor-widget-container\">\n\t\t\t\t\t\t\t<div class=\"elementor-cta\">\n\t\t\t\t\t<div class=\"elementor-cta__bg-wrapper\">\n\t\t\t\t<div class=\"elementor-cta__bg elementor-bg\" style=\"background-image: url(https:\/\/w10b.de\/testserver\/hallenbad\/wp-content\/uploads\/2015\/05\/best-of-2013-20-1280x720.jpg);\" role=\"img\" aria-label=\"Drummer am Schlagzeug\"><\/div>\n\t\t\t\t<div class=\"elementor-cta__bg-overlay\"><\/div>\n\t\t\t<\/div>\n\t\t\t\t\t\t\t<div class=\"elementor-cta__content\">\n\t\t\t\t\n\t\t\t\t\t\t\t\t\t<h3 class=\"elementor-cta__title elementor-cta__content-item elementor-content-item\">\n\t\t\t\t\t\tB\u00fchne im Sauna-Klub\t\t\t\t\t<\/h3>\n\t\t\t\t\n\t\t\t\t\t\t\t\t\t<div class=\"elementor-cta__description elementor-cta__content-item elementor-content-item\">\n\t\t\t\t\t\tKlein, aber oho! Auf der B\u00fchne im Sauna-Klub geht an den Wochenenden die Post ab: Hier gibt es noch \u201eechte\u201c Rockkonzerte, bei denen man die Musiker*innen hautnah erleben darf. Die B\u00fchne im Sauna-Klub bietet Platz f\u00fcr kleine Bands mit einer klassischen Besetzung \u2013 Drums, Bass, Gitarre, Keyboard \u2013 dann ist der Platz maximal ausgesch\u00f6pft. Eine solide Licht- und B\u00fchnentechnik sorgt f\u00fcr das passende Ambiente. Und mit rund 200 G\u00e4sten ist die Tanzfl\u00e4che dann auch rappelvoll.\t\t\t\t\t<\/div>\n\t\t\t\t\n\t\t\t\t\t\t\t<\/div>\n\t\t\t\t\t\t<\/div>\n\t\t\t\t\t\t<\/div>\n\t\t\t\t<\/div>\n\t\t\t\t<\/div>\n\t\t\t\t\t<\/div>\n\t\t\t\t<\/div>\n\t\t\t\t<\/div>\n\t\t","protected":false},"excerpt":{"rendered":"<p>Raum f\u00fcr jeden Anlass Location Mieten Sie haben Interesse eine der Locations f\u00fcr Ihre Veranstaltung zu mieten? Kontaktieren Sie uns direkt: Tanja Appel Tel.: 05361 2728110 Luca Demtschuk Tel.: 05361 2728109 Brosch\u00fcre (PDF) Location Anfragen Schwimmerbecken mit Sprungturm Mit dem gro\u00dfen Schwimmerbecken besitzt das Hallenbad einen Veranstaltungsort, der bundesweit einmalig ist. Unter dem Sprungturm zwischen [&hellip;]<\/p>\n","protected":false},"author":1,"featured_media":1212,"parent":83,"menu_order":0,"comment_status":"closed","ping_status":"closed","template":"","meta":{"footnotes":""},"class_list":["post-1458","page","type-page","status-publish","has-post-thumbnail","hentry"],"_links":{"self":[{"href":"https:\/\/w10b.de\/testserver\/hallenbad\/wp-json\/wp\/v2\/pages\/1458","targetHints":{"allow":["GET"]}}],"collection":[{"href":"https:\/\/w10b.de\/testserver\/hallenbad\/wp-json\/wp\/v2\/pages"}],"about":[{"href":"https:\/\/w10b.de\/testserver\/hallenbad\/wp-json\/wp\/v2\/types\/page"}],"author":[{"embeddable":true,"href":"https:\/\/w10b.de\/testserver\/hallenbad\/wp-json\/wp\/v2\/users\/1"}],"replies":[{"embeddable":true,"href":"https:\/\/w10b.de\/testserver\/hallenbad\/wp-json\/wp\/v2\/comments?post=1458"}],"version-history":[{"count":29,"href":"https:\/\/w10b.de\/testserver\/hallenbad\/wp-json\/wp\/v2\/pages\/1458\/revisions"}],"predecessor-version":[{"id":19777,"href":"https:\/\/w10b.de\/testserver\/hallenbad\/wp-json\/wp\/v2\/pages\/1458\/revisions\/19777"}],"up":[{"embeddable":true,"href":"https:\/\/w10b.de\/testserver\/hallenbad\/wp-json\/wp\/v2\/pages\/83"}],"wp:featuredmedia":[{"embeddable":true,"href":"https:\/\/w10b.de\/testserver\/hallenbad\/wp-json\/wp\/v2\/media\/1212"}],"wp:attachment":[{"href":"https:\/\/w10b.de\/testserver\/hallenbad\/wp-json\/wp\/v2\/media?parent=1458"}],"curies":[{"name":"wp","href":"https:\/\/api.w.org\/{rel}","templated":true}]}}