{"id":12716,"date":"2022-05-13T16:39:53","date_gmt":"2022-05-13T14:39:53","guid":{"rendered":"https:\/\/hallenbad.de\/besonderes\/lesetage-presse-copy\/"},"modified":"2025-11-25T12:36:38","modified_gmt":"2025-11-25T11:36:38","slug":"brawo-songbirds","status":"publish","type":"page","link":"https:\/\/w10b.de\/testserver\/hallenbad\/angebote\/brawo-songbirds\/","title":{"rendered":"BraWo Song Birds"},"content":{"rendered":"\t\t<div data-elementor-type=\"wp-page\" data-elementor-id=\"12716\" class=\"elementor elementor-12716\" data-elementor-post-type=\"page\">\n\t\t\t\t<div style=\"background-image: url(https:\/\/w10b.de\/testserver\/hallenbad\/wp-content\/uploads\/2015\/07\/fredda-08022014-9-von-13.jpg);background-position:center center;background-repeat:no-repeat;background-size:cover;\" class=\"e-lazyloaded elementor-element elementor-element-74236d96 e-con-full e-flex e-con e-parent\" data-id=\"74236d96\" data-element_type=\"container\" data-settings=\"{&quot;background_background&quot;:&quot;classic&quot;}\">\n\t\t\t\t<\/div>\n\t\t<div class=\"elementor-element elementor-element-65abf922 e-flex e-con-boxed e-con e-parent\" data-id=\"65abf922\" data-element_type=\"container\" data-settings=\"{&quot;background_background&quot;:&quot;classic&quot;}\">\n\t\t\t\t\t<div class=\"e-con-inner\">\n\t\t<div class=\"elementor-element elementor-element-73c2b02a e-con-full e-flex e-con e-child\" data-id=\"73c2b02a\" data-element_type=\"container\" data-settings=\"{&quot;background_background&quot;:&quot;classic&quot;}\">\n\t\t\t\t<div class=\"elementor-element elementor-element-463d131a elementor-widget__width-inherit elementor-widget elementor-widget-theme-post-title elementor-page-title elementor-widget-heading\" data-id=\"463d131a\" data-element_type=\"widget\" data-widget_type=\"theme-post-title.default\">\n\t\t\t\t<div class=\"elementor-widget-container\">\n\t\t\t\t\t<h1 class=\"elementor-heading-title elementor-size-default\">BraWo Song Birds<\/h1>\t\t\t\t<\/div>\n\t\t\t\t<\/div>\n\t\t\t\t<div class=\"elementor-element elementor-element-17c6c187 elementor-widget elementor-widget-heading\" data-id=\"17c6c187\" data-element_type=\"widget\" data-widget_type=\"heading.default\">\n\t\t\t\t<div class=\"elementor-widget-container\">\n\t\t\t\t\t<h2 class=\"elementor-heading-title elementor-size-default\"> Singer &amp; Songwriter hautnah<\/h2>\t\t\t\t<\/div>\n\t\t\t\t<\/div>\n\t\t\t\t<div class=\"elementor-element elementor-element-1c388c54 elementor-widget__width-inherit elementor-widget-divider--view-line elementor-widget elementor-widget-divider\" data-id=\"1c388c54\" data-element_type=\"widget\" data-widget_type=\"divider.default\">\n\t\t\t\t<div class=\"elementor-widget-container\">\n\t\t\t\t\t\t\t<div class=\"elementor-divider\">\n\t\t\t<span class=\"elementor-divider-separator\">\n\t\t\t\t\t\t<\/span>\n\t\t<\/div>\n\t\t\t\t\t\t<\/div>\n\t\t\t\t<\/div>\n\t\t<div class=\"elementor-element elementor-element-26c07498 e-con-full e-flex e-con e-child\" data-id=\"26c07498\" data-element_type=\"container\" data-settings=\"{&quot;background_background&quot;:&quot;classic&quot;}\">\n\t\t\t\t<div class=\"elementor-element elementor-element-3ac045df elementor-widget elementor-widget-text-editor\" data-id=\"3ac045df\" data-element_type=\"widget\" data-widget_type=\"text-editor.default\">\n\t\t\t\t<div class=\"elementor-widget-container\">\n\t\t\t\t\t\t\t\t\t<div class=\"wpb_text_column wpb_content_element\"><div class=\"wpb_wrapper\"><p>Seit 2018 gibt es im Hallenbad die Singer-Songwriter-Konzertreihe \u201eSongbirds\u201c, die das breite Spektrum dieser musikalischen Szene abbildet. Es werden nicht nur deutsche S\u00e4nger*innen pr\u00e4sentiert, sondern auch internationale K\u00fcnstler*innen. Sie sind nicht rein als akustische Interpreten dieses Genres zu sehen, sondern beziehen auch Instrumente wie z.B. E-Gitarren mit ein. Dennoch wird auf eine ruhigere, konzentrierte Atmosph\u00e4re Wert gelegt, die das Genre auszeichnet.<\/p><p>Er\u00f6ffnet wurde die Reihe am 2. Juni 2018 mit einem Konzert der Singer-Songwriterin ELIF, unterst\u00fctzt von Norman Keil. Danach folgten bereits K\u00fcnstler*innen wie Anna Depenbusch, Mogli, Laith Al-Deen und Alex Diehl.<\/p><p>Die Durchf\u00fchrung dieser Reihe wird erm\u00f6glicht durch die gro\u00dfz\u00fcgige Unterst\u00fctzung der Volksbank BRAWO<\/p><\/div><\/div>\t\t\t\t\t\t\t\t<\/div>\n\t\t\t\t<\/div>\n\t\t<div class=\"elementor-element elementor-element-ca0bc9b e-con-full e-flex e-con e-child\" data-id=\"ca0bc9b\" data-element_type=\"container\">\n\t\t<div style=\"background-image: url(https:\/\/w10b.de\/testserver\/hallenbad\/wp-content\/uploads\/2015\/07\/fredda-08022014-9-von-13.jpg);background-position:center center;background-repeat:no-repeat;background-size:cover;\" class=\"e-lazyloaded elementor-element elementor-element-17a30a4 e-con-full e-flex e-con e-child\" data-id=\"17a30a4\" data-element_type=\"container\" data-settings=\"{&quot;background_background&quot;:&quot;classic&quot;}\">\n\t\t\t\t<\/div>\n\t\t<div class=\"elementor-element elementor-element-2b5ae33 e-con-full e-flex e-con e-child\" data-id=\"2b5ae33\" data-element_type=\"container\">\n\t\t\t\t<div class=\"elementor-element elementor-element-6840ffc elementor-widget__width-inherit elementor-widget elementor-widget-heading\" data-id=\"6840ffc\" data-element_type=\"widget\" data-widget_type=\"heading.default\">\n\t\t\t\t<div class=\"elementor-widget-container\">\n\t\t\t\t\t<h2 class=\"elementor-heading-title elementor-size-default\">Veranstaltungsname<\/h2>\t\t\t\t<\/div>\n\t\t\t\t<\/div>\n\t\t\t\t<div class=\"elementor-element elementor-element-9fb97d8 elementor-widget__width-inherit elementor-widget elementor-widget-text-editor\" data-id=\"9fb97d8\" data-element_type=\"widget\" data-widget_type=\"text-editor.default\">\n\t\t\t\t<div class=\"elementor-widget-container\">\n\t\t\t\t\t\t\t\t\t<p>Wochentag, Datum, Uhrzeit<\/p>\t\t\t\t\t\t\t\t<\/div>\n\t\t\t\t<\/div>\n\t\t\t\t<div class=\"elementor-element elementor-element-3ada5bb elementor-widget__width-inherit elementor-widget elementor-widget-text-editor\" data-id=\"3ada5bb\" data-element_type=\"widget\" data-widget_type=\"text-editor.default\">\n\t\t\t\t<div class=\"elementor-widget-container\">\n\t\t\t\t\t\t\t\t\t<p>Tagline<\/p>\t\t\t\t\t\t\t\t<\/div>\n\t\t\t\t<\/div>\n\t\t\t\t<div class=\"elementor-element elementor-element-9a04d8d elementor-widget__width-initial elementor-widget-tablet__width-inherit elementor-widget elementor-widget-button\" data-id=\"9a04d8d\" data-element_type=\"widget\" data-widget_type=\"button.default\">\n\t\t\t\t<div class=\"elementor-widget-container\">\n\t\t\t\t\t\t\t\t\t<div class=\"elementor-button-wrapper\">\n\t\t\t\t\t<a class=\"elementor-button elementor-button-link elementor-size-sm\" href=\"#\">\n\t\t\t\t\t\t<span class=\"elementor-button-content-wrapper\">\n\t\t\t\t\t\t\t\t\t<span class=\"elementor-button-text\">Zur Veranstaltung<\/span>\n\t\t\t\t\t<\/span>\n\t\t\t\t\t<\/a>\n\t\t\t\t<\/div>\n\t\t\t\t\t\t\t\t<\/div>\n\t\t\t\t<\/div>\n\t\t\t\t<div class=\"elementor-element elementor-element-150f0da elementor-widget__width-initial elementor-widget-tablet__width-inherit elementor-widget elementor-widget-button\" data-id=\"150f0da\" data-element_type=\"widget\" data-widget_type=\"button.default\">\n\t\t\t\t<div class=\"elementor-widget-container\">\n\t\t\t\t\t\t\t\t\t<div class=\"elementor-button-wrapper\">\n\t\t\t\t\t<a class=\"elementor-button elementor-button-link elementor-size-sm\" href=\"#\">\n\t\t\t\t\t\t<span class=\"elementor-button-content-wrapper\">\n\t\t\t\t\t\t\t\t\t<span class=\"elementor-button-text\">Tickets Sichern<\/span>\n\t\t\t\t\t<\/span>\n\t\t\t\t\t<\/a>\n\t\t\t\t<\/div>\n\t\t\t\t\t\t\t\t<\/div>\n\t\t\t\t<\/div>\n\t\t\t\t<\/div>\n\t\t\t\t<\/div>\n\t\t\t\t<\/div>\n\t\t<div class=\"elementor-element elementor-element-6355ef26 e-con-full e-flex e-con e-child\" data-id=\"6355ef26\" data-element_type=\"container\">\n\t\t\t\t<div class=\"elementor-element elementor-element-318d8f07 elementor-widget elementor-widget-image\" data-id=\"318d8f07\" data-element_type=\"widget\" data-widget_type=\"image.default\">\n\t\t\t\t<div class=\"elementor-widget-container\">\n\t\t\t\t\t\t\t\t\t\t\t\t\t\t\t<img fetchpriority=\"high\" decoding=\"async\" width=\"327\" height=\"187\" src=\"https:\/\/w10b.de\/testserver\/hallenbad\/wp-content\/uploads\/2016\/12\/Volksbank_BraWo_Logo.jpg\" class=\"attachment-thumbnail size-thumbnail wp-image-5356\" alt=\"\" \/>\t\t\t\t\t\t\t\t\t\t\t\t\t\t\t<\/div>\n\t\t\t\t<\/div>\n\t\t\t\t<\/div>\n\t\t\t\t<\/div>\n\t\t\t\t\t<\/div>\n\t\t\t\t<\/div>\n\t\t\t\t<\/div>\n\t\t","protected":false},"excerpt":{"rendered":"<p>Singer &amp; Songwriter hautnah Seit 2018 gibt es im Hallenbad die Singer-Songwriter-Konzertreihe \u201eSongbirds\u201c, die das breite Spektrum dieser musikalischen Szene abbildet. Es werden nicht nur deutsche S\u00e4nger*innen pr\u00e4sentiert, sondern auch internationale K\u00fcnstler*innen. Sie sind nicht rein als akustische Interpreten dieses Genres zu sehen, sondern beziehen auch Instrumente wie z.B. E-Gitarren mit ein. Dennoch wird auf [&hellip;]<\/p>\n","protected":false},"author":30,"featured_media":2193,"parent":1244,"menu_order":0,"comment_status":"closed","ping_status":"closed","template":"","meta":{"footnotes":""},"class_list":["post-12716","page","type-page","status-publish","has-post-thumbnail","hentry"],"_links":{"self":[{"href":"https:\/\/w10b.de\/testserver\/hallenbad\/wp-json\/wp\/v2\/pages\/12716","targetHints":{"allow":["GET"]}}],"collection":[{"href":"https:\/\/w10b.de\/testserver\/hallenbad\/wp-json\/wp\/v2\/pages"}],"about":[{"href":"https:\/\/w10b.de\/testserver\/hallenbad\/wp-json\/wp\/v2\/types\/page"}],"author":[{"embeddable":true,"href":"https:\/\/w10b.de\/testserver\/hallenbad\/wp-json\/wp\/v2\/users\/30"}],"replies":[{"embeddable":true,"href":"https:\/\/w10b.de\/testserver\/hallenbad\/wp-json\/wp\/v2\/comments?post=12716"}],"version-history":[{"count":24,"href":"https:\/\/w10b.de\/testserver\/hallenbad\/wp-json\/wp\/v2\/pages\/12716\/revisions"}],"predecessor-version":[{"id":19988,"href":"https:\/\/w10b.de\/testserver\/hallenbad\/wp-json\/wp\/v2\/pages\/12716\/revisions\/19988"}],"up":[{"embeddable":true,"href":"https:\/\/w10b.de\/testserver\/hallenbad\/wp-json\/wp\/v2\/pages\/1244"}],"wp:featuredmedia":[{"embeddable":true,"href":"https:\/\/w10b.de\/testserver\/hallenbad\/wp-json\/wp\/v2\/media\/2193"}],"wp:attachment":[{"href":"https:\/\/w10b.de\/testserver\/hallenbad\/wp-json\/wp\/v2\/media?parent=12716"}],"curies":[{"name":"wp","href":"https:\/\/api.w.org\/{rel}","templated":true}]}}