{"id":101,"date":"2015-04-23T16:49:23","date_gmt":"2015-04-23T14:49:23","guid":{"rendered":"https:\/\/hallenbad.de\/?page_id=101"},"modified":"2025-07-09T14:58:48","modified_gmt":"2025-07-09T12:58:48","slug":"agb","status":"publish","type":"page","link":"https:\/\/w10b.de\/testserver\/hallenbad\/agb\/","title":{"rendered":"AGB"},"content":{"rendered":"\t\t<div data-elementor-type=\"wp-page\" data-elementor-id=\"101\" class=\"elementor elementor-101\" data-elementor-post-type=\"page\">\n\t\t\t\t<div class=\"elementor-element elementor-element-aff4b8f e-flex e-con-boxed e-con e-parent\" data-id=\"aff4b8f\" data-element_type=\"container\">\n\t\t\t\t\t<div class=\"e-con-inner\">\n\t\t<div class=\"elementor-element elementor-element-39f768f e-con-full e-flex e-con e-child\" data-id=\"39f768f\" data-element_type=\"container\" data-settings=\"{&quot;background_background&quot;:&quot;classic&quot;}\">\n\t\t\t\t<div class=\"elementor-element elementor-element-b3b8178 elementor-widget elementor-widget-heading\" data-id=\"b3b8178\" data-element_type=\"widget\" data-widget_type=\"heading.default\">\n\t\t\t\t<div class=\"elementor-widget-container\">\n\t\t\t\t\t<h1 class=\"elementor-heading-title elementor-size-default\">Allgemeine Gesch\u00e4ftsbedingungen<\/h1>\t\t\t\t<\/div>\n\t\t\t\t<\/div>\n\t\t\t\t<div class=\"elementor-element elementor-element-7f04b11 elementor-widget elementor-widget-heading\" data-id=\"7f04b11\" data-element_type=\"widget\" data-widget_type=\"heading.default\">\n\t\t\t\t<div class=\"elementor-widget-container\">\n\t\t\t\t\t<h2 class=\"elementor-heading-title elementor-size-default\">Hallenbad \u2013 Zentrum junge Kultur Wolfsburg GmbH<\/h2>\t\t\t\t<\/div>\n\t\t\t\t<\/div>\n\t\t\t\t<div class=\"elementor-element elementor-element-0b5c38b elementor-widget-divider--view-line elementor-widget elementor-widget-divider\" data-id=\"0b5c38b\" data-element_type=\"widget\" data-widget_type=\"divider.default\">\n\t\t\t\t<div class=\"elementor-widget-container\">\n\t\t\t\t\t\t\t<div class=\"elementor-divider\">\n\t\t\t<span class=\"elementor-divider-separator\">\n\t\t\t\t\t\t<\/span>\n\t\t<\/div>\n\t\t\t\t\t\t<\/div>\n\t\t\t\t<\/div>\n\t\t\t\t<div class=\"elementor-element elementor-element-e786d4a elementor-widget elementor-widget-text-editor\" data-id=\"e786d4a\" data-element_type=\"widget\" data-widget_type=\"text-editor.default\">\n\t\t\t\t<div class=\"elementor-widget-container\">\n\t\t\t\t\t\t\t\t\t<div class=\"wpb_column vc_column_container vc_col-sm-8 vc_col-has-fill\"><div class=\"vc_column-inner vc_custom_1430129961177\"><div class=\"wpb_wrapper\"><div class=\"wpb_text_column wpb_content_element\"><div class=\"wpb_wrapper\"><p>Mit dem Erwerb einer Eintrittskarte unterwirft sich der K\u00e4ufer und Eintrittskarteninhaber den nachfolgenden Vertragsbedingungen des Veranstalters Hallenbad \u2013 Zentrum junge Kultur GmbH<\/p><p>1.\u00a0\u00a0 \u00a0Bei Konzert-Veranstaltungen haben Jugendliche unter 16 Jahren nur in Begleitung eines Erziehungsberechtigten Zutritt. Bei Party-Veranstaltungen gilt \u00a7 2 Absatz 2 des Jugendschutzgesetzes. Jugendlichen unter 18 Jahren ist der Eintritt nur mit einer von den Eltern unterschriebenen Erziehungsbeauftragung in Begleitung einer erwachsenen Person gestattet. Der Veranstalter beh\u00e4lt sich vor, bei einzelnen Veranstaltungen und bestimmten Party-Reihen ausschlie\u00dflich vollj\u00e4hrigen Personen Eintritt zu gew\u00e4hren.<\/p><p>2.\u00a0\u00a0 \u00a0Der Veranstalter hat keinerlei Einfluss auf Gestaltung, L\u00e4nge, Inhalt und Lautst\u00e4rke der Veranstaltung.<\/p><p>3.\u00a0\u00a0 \u00a0Bei Konzerten und Partys kann aufgrund der Lautst\u00e4rke die Gefahr von m\u00f6glichen H\u00f6r- und Gesundheitssch\u00e4den bestehen. Alle eingesetzten Lichtshow-Effekte entsprechen den gesetzlichen Vorgaben. Trotzdem besteht eventuell die Gefahr gesundheitlicher Beeintr\u00e4chtigung (z.B bei Epilepsie). In diesem Fall wird keine Haftung \u00fcbernommen.<\/p><p>4.\u00a0\u00a0 \u00a0Schadensersatzanspr\u00fcche aus positiver Forderungsverletzung, Verschulden bei Vertragsabschluss und unerlaubter Handlung sind ausgeschlossen, soweit der Veranstalter, sein gesetzlicher Vertreter oder seine Erf\u00fcllungsgehilfen nicht vors\u00e4tzlich oder grob fahrl\u00e4ssig gehandelt haben. Schadensersatzanspr\u00fcche aus Unm\u00f6glichkeit der Leistung und Verzug sind bei leichter Fahrl\u00e4ssigkeit auf den Ersatz des vorhersehbaren Schadens begrenzt.<\/p><p>5.\u00a0\u00a0 \u00a0Das Mitbringen von Glasbeh\u00e4ltern, Dosen, Plastikkanistern, Tetra Packs, pyrotechnischen Gegenst\u00e4nden, Fackeln sowie Waffen ist generell untersagt. Bei Nichtbeachtung erfolgt Verweis von dem Veranstaltungsgel\u00e4nde. Beim Einlass findet eine Sicherheitskontrolle statt. Der Sicherheitsdienst ist angewiesen, Leibesvisitationen vorzunehmen.<\/p><p>6.\u00a0\u00a0 \u00a0Das Recht, den Einlass aus wichtigem Grund zu verwehren, bleibt vorbehalten. In diesem Fall wird der Nennwert der Eintrittskarte (ohne Geb\u00fchren) r\u00fcckerstattet.<\/p><p>7.\u00a0\u00a0 \u00a0Das Sicherheitspersonal \u00fcbt im Namen des Veranstalters das Hausrecht aus und ist befugt, Hausverbote auszusprechen und durchzusetzen, wenn ein Versto\u00df gegen die Hausordnung vorliegt. Verst\u00f6\u00dfe gegen geltende Gesetze f\u00fchren in jedem Fall zur Anzeige.<\/p><p>8.\u00a0\u00a0 \u00a0Ton-, Film- und Videoaufnahmen sind grunds\u00e4tzlich untersagt. Ausnahmen nur nach vorheriger Genehmigung des Veranstalters.<\/p><p>9.\u00a0\u00a0 \u00a0Die Zur\u00fccknahme von Eintrittskarten erfolgt nur bei Absage der Veranstaltung. Es wird nur der Nennwert der Karte (ohne Geb\u00fchren) erstattet.<\/p><p>10.\u00a0\u00a0 \u00a0Ein Ticketumtausch aus privaten Gr\u00fcnden ist ausgeschlossen<\/p><p>11.\u00a0\u00a0 \u00a0Der Veranstalter beh\u00e4lt sich das Recht vor, Veranstaltungen \u00f6rtlich und\/oder terminlich zu verlegen. R\u00fcckerstattungsanspruch aus oben genanntem Grund auf den Nennwert der Eintrittskarte besteht nur bis zum Veranstaltungstermin.<\/p><p>12.\u00a0\u00a0 \u00a0Der Veranstalter beh\u00e4lt sich das Recht vor, ohne vorherige Ank\u00fcndigung das Vorprogramm zu \u00e4ndern.<\/p><p>13.\u00a0\u00a0 \u00a0Der Veranstalter ist nicht f\u00fcr verlorengegangene oder gestohlene Gegenst\u00e4nde verantwortlich.<\/p><p>14.\u00a0\u00a0 \u00a0Der Erwerb von Eintrittskarten zwecks Weiterverkauf ist generell untersagt.<\/p><p>15.\u00a0\u00a0 \u00a0Mit dem Erwerb der Eintrittskarte verpflichtet sich der Karteninhaber, sich an die Hausordnung des Hallenbad Zentrum junge Kultur GmbH zu halten.<\/p><p><strong>\u00a0<\/strong><\/p><h2 class=\"headline\">Hausordnung Hallenbad \u2013 Zentrum junge Kultur GmbH<\/h2><p><strong>I. Allgemeines<\/strong><br \/>Das Geb\u00e4ude des Kulturzentrums Hallenbad und das umgebende Gel\u00e4nde sind Privatgrund. Die Hausordnung gilt in allen R\u00e4umen und auf dem Gel\u00e4nde des Kulturzentrums Hallenbad, soweit das Hausrecht nicht kraft Gesetz den im Hause ans\u00e4ssigen Mietern zusteht. Das Hausrecht gegen\u00fcber Dritten mit Ausnahme der Mieter kann auch von durch die Hallenbad GmbH beauftragtem Personal ausge\u00fcbt werden, dessen Anordnungen unbedingt Folge zu leisten ist.<\/p><p><strong>II. Regelungen f\u00fcr den Aufenthalt im Haus und auf dem Gel\u00e4nde des Hallenbades<\/strong><\/p><p>1.\u00a0\u00a0 \u00a0In den S\u00e4len, Fluren und Foyers sowie auf dem frei zug\u00e4nglichen Gel\u00e4nde des Hallenbades hat sich jeder Besucher und jede Besucherin so zu verhalten, dass keine andere Person gef\u00e4hrdet, behindert, gesch\u00e4digt, bedroht oder bel\u00e4stigt wird.<\/p><p>2.\u00a0\u00a0 \u00a0In den Bereichen innerhalb des Hallenbades, die speziell f\u00fcr Mitarbeiterinnen und Mitarbeiter der im Hause ans\u00e4ssigen\u00a0 Institutionen und deren Besucherinnen\/Besucher vorbehalten sind, ist der Aufenthalt f\u00fcr unbefugte Personen nicht gestattet.<\/p><p>3.\u00a0\u00a0 \u00a0Rettungswege sind frei zu halten. Der l\u00e4ngerfristige Aufenthalt in den Treppenh\u00e4usern ist nicht gestattet. Die gekennzeichneten Fluchtwege sind im Gefahrenfall zu benutzen.<\/p><p>4.\u00a0\u00a0 \u00a0Es ist nicht gestattet, ohne Erlaubnis der Hallenbad GmbH im Haus und auf dem Gel\u00e4nde Waren und Eintrittskarten zu verkaufen, zu musizieren, Drucksachen zu verteilen oder Werbeaktionen und Sammlungen durchzuf\u00fchren.<\/p><p>5.\u00a0\u00a0 \u00a0Es ist untersagt, bauliche Anlagen, sonstige Einrichtungen oder Wege zu beschriften, zu bemalen oder zu bekleben.<\/p><p>6.\u00a0\u00a0 \u00a0S\u00e4mtliche Fl\u00e4chen und R\u00e4ume des Kulturzentrums Hallenbad sind sauber zu halten. Die Sanit\u00e4rbereiche d\u00fcrfen nicht zweckentfremdet werden.<\/p><p>7.\u00a0\u00a0 \u00a0In den Veranstaltungss\u00e4len sowie in den\u00a0 Fluren und Foyers ist das Verzehren mitgebrachter Speisen und Getr\u00e4nke untersagt. Die im Hause erworbenen Speisen und Getr\u00e4nke d\u00fcrfen nur in den daf\u00fcr vorgesehenen Bereichen verzehrt werden.<\/p><p>8.\u00a0\u00a0 \u00a0Das Rauchen ist in den \u00f6ffentlichen Bereichen nicht gestattet.<\/p><p>9.\u00a0\u00a0 \u00a0Die im Hallenbad bereit gestellten Sitzgelegenheiten dienen dem vor\u00fcbergehenden Aufenthalt der Besucherinnen und Besucher.<\/p><p>10.\u00a0\u00a0 \u00a0Rollschuhfahren, Inline-Skaten und \u00c4hnliches sind im Haus und auf dem Gel\u00e4nde nicht gestattet.<\/p><p>11.\u00a0\u00a0 \u00a0Auf dem Gel\u00e4nde sind Fahrzeuge aller Art (ausgenommen Einsatzfahrzeuge) und Fahrradfahren nicht erlaubt. Fahrr\u00e4der sind in den daf\u00fcr vorgesehenen St\u00e4ndern abzustellen. Andere Zweir\u00e4der sind in den daf\u00fcr vorgesehenen Fahrradst\u00e4ndern abzustellen.<\/p><p>12.\u00a0\u00a0 \u00a0Mit Ausnahme von F\u00fchrhunden d\u00fcrfen Tiere nicht in das Geb\u00e4ude des Hallenbades mitgenommen werden. Auf dem Gel\u00e4nde des Hallenbades sind Hunde an der Leine zu halten.<\/p><p>13.\u00a0\u00a0 \u00a0Das Hallenbad beh\u00e4lt sich vor Hunde, bzw. deren Besitzer mit ihrem Hund des Gel\u00e4ndes zu verweisen und ggf.\u00a0 Hausverbot zu erteilen, wenn es beim Aufenthalt des Tieres zu gef\u00e4hrdenden oder bedrohlichen Situationen kommt. Dies betrifft auch die Gesundheit und Sicherheit des Tieres (z.B. Sch\u00e4digung durch Lautst\u00e4rke)<\/p><p>14.\u00a0\u00a0 \u00a0Das Hallenbad beh\u00e4lt sich vor Personen die Kleidung mit eindeutigen fremdenfeindlichen und\/oder faschistischen Symbolen tragen des Gel\u00e4ndes zu verweisen und ggf. Hausverbot zu erteilen. Thor Steinar Bekleidung ist ebenfalls nicht erw\u00fcnscht.<\/p><p><strong>III. St\u00f6rungen des Hausfriedens<\/strong><br \/>Erhebliche Verst\u00f6\u00dfe gegen die Hausordnung f\u00fchren grunds\u00e4tzlich zu einer Verwarnung und in schwerwiegenden F\u00e4llen zu einem Hausverbot. Hierzu z\u00e4hlen insbesondere:<\/p><ol><li>Das Mitbringen und der Genuss von Drogen<\/li><li>Das Mitbringen und der Genuss von Alkohol au\u00dferhalb der definierten Gastronomiebereiche (Lido und Veranstaltungstresen)<\/li><li>Das Mitbringen und die Benutzung von Waffen und sonstigen gef\u00e4hrlichen Gegenst\u00e4nden<\/li><li>Die Androhung und Anwendung von k\u00f6rperlicher Gewalt<\/li><li>Mutwillige Sachbesch\u00e4digung<\/li><li>Diebstahl<\/li><li>Randalieren<\/li><li>Beschimpfen oder Beleidigen von Personal der Hallenbad GmbH, von Personal anderer im Hause ans\u00e4ssiger Institutionen, Firmen oder von Besucherinnen und Besuchern des Hallenbades<\/li><li>Verunreinigen des Hauses und der Au\u00dfenanlagen<\/li><li>Betteln<\/li><\/ol><p>Den Anordnungen des Personals der Hallenbad GmbH und des Wachdienstes ist Folge zu leisten. Im Falle von Zuwiderhandlungen kann ein Hausverbot erteilt werden. Wer trotz Aufforderung durch das Personal der Hallenbad GmbH oder des Wachdienstes das Haus nicht verl\u00e4sst, muss mit einer Anzeige wegen Hausfriedensbruchs rechnen.<\/p><p>(Stand 27.07.2015, Hallenbad \u2013 Zentrum junge Kultur GmbH)<\/p><\/div><\/div><\/div><\/div><\/div>\t\t\t\t\t\t\t\t<\/div>\n\t\t\t\t<\/div>\n\t\t\t\t<\/div>\n\t\t\t\t\t<\/div>\n\t\t\t\t<\/div>\n\t\t\t\t<\/div>\n\t\t","protected":false},"excerpt":{"rendered":"<p>Allgemeine Gesch\u00e4ftsbedingungen Hallenbad \u2013 Zentrum junge Kultur Wolfsburg GmbH Mit dem Erwerb einer Eintrittskarte unterwirft sich der K\u00e4ufer und Eintrittskarteninhaber den nachfolgenden Vertragsbedingungen des Veranstalters Hallenbad \u2013 Zentrum junge Kultur GmbH 1.\u00a0\u00a0 \u00a0Bei Konzert-Veranstaltungen haben Jugendliche unter 16 Jahren nur in Begleitung eines Erziehungsberechtigten Zutritt. Bei Party-Veranstaltungen gilt \u00a7 2 Absatz 2 des Jugendschutzgesetzes. Jugendlichen [&hellip;]<\/p>\n","protected":false},"author":1,"featured_media":0,"parent":0,"menu_order":0,"comment_status":"closed","ping_status":"closed","template":"","meta":{"footnotes":""},"class_list":["post-101","page","type-page","status-publish","hentry"],"_links":{"self":[{"href":"https:\/\/w10b.de\/testserver\/hallenbad\/wp-json\/wp\/v2\/pages\/101","targetHints":{"allow":["GET"]}}],"collection":[{"href":"https:\/\/w10b.de\/testserver\/hallenbad\/wp-json\/wp\/v2\/pages"}],"about":[{"href":"https:\/\/w10b.de\/testserver\/hallenbad\/wp-json\/wp\/v2\/types\/page"}],"author":[{"embeddable":true,"href":"https:\/\/w10b.de\/testserver\/hallenbad\/wp-json\/wp\/v2\/users\/1"}],"replies":[{"embeddable":true,"href":"https:\/\/w10b.de\/testserver\/hallenbad\/wp-json\/wp\/v2\/comments?post=101"}],"version-history":[{"count":15,"href":"https:\/\/w10b.de\/testserver\/hallenbad\/wp-json\/wp\/v2\/pages\/101\/revisions"}],"predecessor-version":[{"id":19405,"href":"https:\/\/w10b.de\/testserver\/hallenbad\/wp-json\/wp\/v2\/pages\/101\/revisions\/19405"}],"wp:attachment":[{"href":"https:\/\/w10b.de\/testserver\/hallenbad\/wp-json\/wp\/v2\/media?parent=101"}],"curies":[{"name":"wp","href":"https:\/\/api.w.org\/{rel}","templated":true}]}}